{"id":3510,"date":"2020-10-07T23:12:32","date_gmt":"2020-10-07T23:12:32","guid":{"rendered":"https:\/\/morganimportexport.com\/?post_type=product&#038;p=3510"},"modified":"2020-10-08T01:31:31","modified_gmt":"2020-10-08T01:31:31","slug":"lechuga-batavia","status":"publish","type":"product","link":"https:\/\/morganimportexport.com\/en\/product\/lechuga-batavia\/","title":{"rendered":"LECHUGA BATAVIA"},"content":{"rendered":"<table width=\"752\">\n<tbody>\n<tr>\n<td width=\"269\">Descripci\u00f3n<\/td>\n<td width=\"483\">Nombre com\u00fan lechuga nombre cient\u00edfico, lactuca sativa L origen, existen diversas hip\u00f3tesis acerca del origen de la lechuga.<\/p>\n<p>Aunque algunos autores la consideraran originaria de la India. Aunque la variedad lollo rosso, parece tener su origen de Italia.<\/p>\n<p>E4s una planta anual y autogama (se autopolinizan). La ra\u00edz de la lechuga, que no sobrepasa los 30cm de profundidad es pivotante y con ramificaciones. Tiene el tallo corto y cil\u00edndrico. Las hojas se disponen primero en roseta y despu\u00e9s se aprietan unas junto a otras formando un cogollo. Los limbos pueden tener un borde liso, ondulado o aserrado. La inflorescencia son cap\u00edtulos florales amarillos dispuestos en racimos.<\/td>\n<\/tr>\n<tr>\n<td width=\"269\">Conservaci\u00f3n<\/td>\n<td width=\"483\">debe realizarse a una temperatura entre 0 y 1\u00baC, con humedades relativas por encima del 95%. Las piezas deben introducirse en la c\u00e1mara preenfriadas. Si no est\u00e1n envueltas individualmente hay que recubrir los envases con pl\u00e1sticos perforados para reducir la deshidrataci\u00f3n. De esta manera se pueden conservar perfectamente entre 5 y 30 d\u00edas.<\/td>\n<\/tr>\n<tr>\n<td width=\"269\">Empaque<\/td>\n<td width=\"483\">caja de 10 libras.<\/td>\n<\/tr>\n<\/tbody>\n<\/table>","protected":false},"excerpt":{"rendered":"<p>Nombre com\u00fan lechuga nombre cient\u00edfico, lactuca sativa L origen, existen diversas hip\u00f3tesis acerca del origen de la lechuga.<\/p>\n<p>Aunque algunos autores la consideraran originaria de la India. Aunque la variedad lollo rosso, parece tener su origen de Italia.<\/p>","protected":false},"featured_media":3513,"comment_status":"open","ping_status":"closed","template":"","meta":{"amp_status":""},"class_list":["post-3510","product","type-product","status-publish","has-post-thumbnail","hentry","product_cat-verduras"],"_links":{"self":[{"href":"https:\/\/morganimportexport.com\/en\/wp-json\/wp\/v2\/product\/3510","targetHints":{"allow":["GET"]}}],"collection":[{"href":"https:\/\/morganimportexport.com\/en\/wp-json\/wp\/v2\/product"}],"about":[{"href":"https:\/\/morganimportexport.com\/en\/wp-json\/wp\/v2\/types\/product"}],"replies":[{"embeddable":true,"href":"https:\/\/morganimportexport.com\/en\/wp-json\/wp\/v2\/comments?post=3510"}],"wp:featuredmedia":[{"embeddable":true,"href":"https:\/\/morganimportexport.com\/en\/wp-json\/wp\/v2\/media\/3513"}],"wp:attachment":[{"href":"https:\/\/morganimportexport.com\/en\/wp-json\/wp\/v2\/media?parent=3510"}],"curies":[{"name":"wp","href":"https:\/\/api.w.org\/{rel}","templated":true}]}}