{"id":3508,"date":"2020-10-07T23:09:32","date_gmt":"2020-10-07T23:09:32","guid":{"rendered":"https:\/\/morganimportexport.com\/?post_type=product&#038;p=3508"},"modified":"2020-10-08T01:31:46","modified_gmt":"2020-10-08T01:31:46","slug":"acelga","status":"publish","type":"product","link":"https:\/\/morganimportexport.com\/en\/product\/acelga\/","title":{"rendered":"ACELGA"},"content":{"rendered":"<table width=\"672\">\n<tbody>\n<tr>\n<td width=\"136\">Descripci\u00f3n<\/td>\n<td width=\"536\">Beta vulgaris var. cicla, la acelga, es una subespecie de Beta vulgaris, al igual que las remolachas, betarragas y el betabel, aunque a diferencia de \u00e9stas se cultiva para aprovechar sus hojas en lugar de sus ra\u00edces y sirve para el consumo en cualquier etapa de su per\u00edodo vegetativo.<\/td>\n<\/tr>\n<tr>\n<td width=\"136\">Almacenamiento<\/td>\n<td width=\"536\">\u00a0Con una humedad relativa del 95 al 100% los d\u00edas de vida fresca, de la acelga est\u00e1n entre 10 y 14<\/td>\n<\/tr>\n<tr>\n<td width=\"136\">Empaque<\/td>\n<td width=\"536\">Caja de 10 kilos<\/td>\n<\/tr>\n<\/tbody>\n<\/table>","protected":false},"excerpt":{"rendered":"<p>&nbsp;<\/p>\n<p>Beta vulgaris var. cicla, la acelga, es una subespecie de Beta vulgaris, al igual que las remolachas, betarragas y el betabel, aunque a diferencia de \u00e9stas se cultiva para aprovechar sus hojas en lugar de sus ra\u00edces y sirve para el consumo en cualquier etapa de su per\u00edodo vegetativo.<\/p>","protected":false},"featured_media":3509,"comment_status":"open","ping_status":"closed","template":"","meta":{"amp_status":""},"class_list":["post-3508","product","type-product","status-publish","has-post-thumbnail","hentry","product_cat-hortalizas"],"_links":{"self":[{"href":"https:\/\/morganimportexport.com\/en\/wp-json\/wp\/v2\/product\/3508","targetHints":{"allow":["GET"]}}],"collection":[{"href":"https:\/\/morganimportexport.com\/en\/wp-json\/wp\/v2\/product"}],"about":[{"href":"https:\/\/morganimportexport.com\/en\/wp-json\/wp\/v2\/types\/product"}],"replies":[{"embeddable":true,"href":"https:\/\/morganimportexport.com\/en\/wp-json\/wp\/v2\/comments?post=3508"}],"wp:featuredmedia":[{"embeddable":true,"href":"https:\/\/morganimportexport.com\/en\/wp-json\/wp\/v2\/media\/3509"}],"wp:attachment":[{"href":"https:\/\/morganimportexport.com\/en\/wp-json\/wp\/v2\/media?parent=3508"}],"curies":[{"name":"wp","href":"https:\/\/api.w.org\/{rel}","templated":true}]}}