{"id":3503,"date":"2020-10-07T23:07:25","date_gmt":"2020-10-07T23:07:25","guid":{"rendered":"https:\/\/morganimportexport.com\/?post_type=product&#038;p=3503"},"modified":"2020-10-08T01:31:56","modified_gmt":"2020-10-08T01:31:56","slug":"lechugas","status":"publish","type":"product","link":"https:\/\/morganimportexport.com\/en\/product\/lechugas\/","title":{"rendered":"LECHUGAS"},"content":{"rendered":"<table width=\"704\">\n<tbody>\n<tr>\n<td width=\"112\">Descripci\u00f3n<\/td>\n<td width=\"592\">La Lactuca sativa, conocida com\u00fanmente como lechuga, es una planta herb\u00e1cea propia de las regiones semitempladas que se cultiva como alimento. Debido a las muchas variedades que existen y a su cultivo cada vez mayor en invernaderos, se puede consumir durante todo el a\u00f1o.<\/td>\n<\/tr>\n<tr>\n<td width=\"112\">Conservaci\u00f3n:<\/td>\n<td width=\"592\">debe realizarse a una temperatura entre 0 y 1\u00baC, con humedades relativas por encima del 95%. Las piezas deben introducirse en la c\u00e1mara preenfriadas. Si no est\u00e1n envueltas individualmente hay que recubrir los envases con pl\u00e1sticos perforados para reducir la deshidrataci\u00f3n. De esta manera se pueden conservar perfectamente entre 5 y 30 d\u00edas.<\/td>\n<\/tr>\n<tr>\n<td width=\"112\">Empaque<\/td>\n<td width=\"592\">caja de 10 libras.<\/td>\n<\/tr>\n<\/tbody>\n<\/table>","protected":false},"excerpt":{"rendered":"<p>La Lactuca sativa, conocida com\u00fanmente como lechuga, es una planta herb\u00e1cea propia de las regiones semitempladas que se cultiva como alimento. Debido a las muchas variedades que existen y a su cultivo cada vez mayor en invernaderos, se puede consumir durante todo el a\u00f1o.<\/p>","protected":false},"featured_media":3506,"comment_status":"open","ping_status":"closed","template":"","meta":{"amp_status":""},"class_list":["post-3503","product","type-product","status-publish","has-post-thumbnail","hentry","product_cat-verduras"],"_links":{"self":[{"href":"https:\/\/morganimportexport.com\/en\/wp-json\/wp\/v2\/product\/3503","targetHints":{"allow":["GET"]}}],"collection":[{"href":"https:\/\/morganimportexport.com\/en\/wp-json\/wp\/v2\/product"}],"about":[{"href":"https:\/\/morganimportexport.com\/en\/wp-json\/wp\/v2\/types\/product"}],"replies":[{"embeddable":true,"href":"https:\/\/morganimportexport.com\/en\/wp-json\/wp\/v2\/comments?post=3503"}],"wp:featuredmedia":[{"embeddable":true,"href":"https:\/\/morganimportexport.com\/en\/wp-json\/wp\/v2\/media\/3506"}],"wp:attachment":[{"href":"https:\/\/morganimportexport.com\/en\/wp-json\/wp\/v2\/media?parent=3503"}],"curies":[{"name":"wp","href":"https:\/\/api.w.org\/{rel}","templated":true}]}}