{"id":3500,"date":"2020-10-07T23:05:00","date_gmt":"2020-10-07T23:05:00","guid":{"rendered":"https:\/\/morganimportexport.com\/?post_type=product&#038;p=3500"},"modified":"2020-10-08T01:32:13","modified_gmt":"2020-10-08T01:32:13","slug":"perejil","status":"publish","type":"product","link":"https:\/\/morganimportexport.com\/en\/product\/perejil\/","title":{"rendered":"PEREJIL"},"content":{"rendered":"<table width=\"688\">\n<tbody>\n<tr>\n<td width=\"112\">Descripci\u00f3n<\/td>\n<td width=\"576\">Petroselinum crispum, el perejil, es una planta herb\u00e1cea de la familia Apiaceae nativa de la zona central de la regi\u00f3n mediterr\u00e1nea e introducida y naturalizada en el resto de Europa y distribuida ampliamente por todo el mundo. Se cultiva generalmente como condimento.<\/td>\n<\/tr>\n<tr>\n<td width=\"112\">Conservaci\u00f3n:<\/td>\n<td width=\"576\">Almacenado a bajas temperaturas (-1, -2 \u00f3 \u20133\u00baC) y humedad relativa del 95% puede conservarse hasta dos meses<\/td>\n<\/tr>\n<tr>\n<td width=\"112\">Empaque<\/td>\n<td width=\"576\">\u00a0Caja por 5 kilos<\/td>\n<\/tr>\n<\/tbody>\n<\/table>","protected":false},"excerpt":{"rendered":"<p>&nbsp;<\/p>\n<p>Petroselinum crispum, el perejil, es una planta herb\u00e1cea de la familia Apiaceae nativa de la zona central de la regi\u00f3n mediterr\u00e1nea e introducida y naturalizada en el resto de Europa y distribuida ampliamente por todo el mundo. Se cultiva generalmente como condimento.<\/p>","protected":false},"featured_media":3504,"comment_status":"open","ping_status":"closed","template":"","meta":{"amp_status":""},"class_list":["post-3500","product","type-product","status-publish","has-post-thumbnail","hentry","product_cat-verduras"],"_links":{"self":[{"href":"https:\/\/morganimportexport.com\/en\/wp-json\/wp\/v2\/product\/3500","targetHints":{"allow":["GET"]}}],"collection":[{"href":"https:\/\/morganimportexport.com\/en\/wp-json\/wp\/v2\/product"}],"about":[{"href":"https:\/\/morganimportexport.com\/en\/wp-json\/wp\/v2\/types\/product"}],"replies":[{"embeddable":true,"href":"https:\/\/morganimportexport.com\/en\/wp-json\/wp\/v2\/comments?post=3500"}],"wp:featuredmedia":[{"embeddable":true,"href":"https:\/\/morganimportexport.com\/en\/wp-json\/wp\/v2\/media\/3504"}],"wp:attachment":[{"href":"https:\/\/morganimportexport.com\/en\/wp-json\/wp\/v2\/media?parent=3500"}],"curies":[{"name":"wp","href":"https:\/\/api.w.org\/{rel}","templated":true}]}}