{"id":3498,"date":"2020-10-07T23:00:02","date_gmt":"2020-10-07T23:00:02","guid":{"rendered":"https:\/\/morganimportexport.com\/?post_type=product&#038;p=3498"},"modified":"2020-10-08T01:32:24","modified_gmt":"2020-10-08T01:32:24","slug":"cebollin","status":"publish","type":"product","link":"https:\/\/morganimportexport.com\/en\/product\/cebollin\/","title":{"rendered":"CEBOLLIN"},"content":{"rendered":"<table width=\"672\">\n<tbody>\n<tr>\n<td width=\"136\">Descripci\u00f3n<\/td>\n<td width=\"536\">Allium schoenoprasum, tambi\u00e9n conocido como cebollino, cebolla de hoja, cebolla china, ciboulette, xonacatl, cebolleta, ceboll\u00edn, cebollino de ajo o Ceboll\u00edn es una hierba de la familia de las ali\u00e1ceas, de la que se utilizan s\u00f3lo las hojas picadas como hierba arom\u00e1tica.<\/td>\n<\/tr>\n<tr>\n<td width=\"136\">Almacenamiento<\/td>\n<td width=\"536\">de 7 a 10 d\u00edas a 10\u00b0C (50\u00b0F).<\/td>\n<\/tr>\n<tr>\n<td width=\"136\">Empaque<\/td>\n<td width=\"536\">Caja por 24 libras, cebolla empacada en malla.<\/td>\n<\/tr>\n<\/tbody>\n<\/table>","protected":false},"excerpt":{"rendered":"<p>Allium schoenoprasum, tambi\u00e9n conocido como cebollino, cebolla de hoja, cebolla china, ciboulette, xonacatl, cebolleta, ceboll\u00edn, cebollino de ajo o Ceboll\u00edn es una hierba de la familia de las ali\u00e1ceas, de la que se utilizan s\u00f3lo las hojas picadas como hierba arom\u00e1tica.<\/p>","protected":false},"featured_media":3501,"comment_status":"open","ping_status":"closed","template":"","meta":{"amp_status":""},"class_list":["post-3498","product","type-product","status-publish","has-post-thumbnail","hentry","product_cat-hortalizas"],"_links":{"self":[{"href":"https:\/\/morganimportexport.com\/en\/wp-json\/wp\/v2\/product\/3498","targetHints":{"allow":["GET"]}}],"collection":[{"href":"https:\/\/morganimportexport.com\/en\/wp-json\/wp\/v2\/product"}],"about":[{"href":"https:\/\/morganimportexport.com\/en\/wp-json\/wp\/v2\/types\/product"}],"replies":[{"embeddable":true,"href":"https:\/\/morganimportexport.com\/en\/wp-json\/wp\/v2\/comments?post=3498"}],"wp:featuredmedia":[{"embeddable":true,"href":"https:\/\/morganimportexport.com\/en\/wp-json\/wp\/v2\/media\/3501"}],"wp:attachment":[{"href":"https:\/\/morganimportexport.com\/en\/wp-json\/wp\/v2\/media?parent=3498"}],"curies":[{"name":"wp","href":"https:\/\/api.w.org\/{rel}","templated":true}]}}