{"id":3494,"date":"2020-10-07T22:55:41","date_gmt":"2020-10-07T22:55:41","guid":{"rendered":"https:\/\/morganimportexport.com\/?post_type=product&#038;p=3494"},"modified":"2020-10-08T01:32:40","modified_gmt":"2020-10-08T01:32:40","slug":"esparragos","status":"publish","type":"product","link":"https:\/\/morganimportexport.com\/en\/product\/esparragos\/","title":{"rendered":"ESP\u00c1RRAGOS"},"content":{"rendered":"<table width=\"672\">\n<tbody>\n<tr>\n<td width=\"144\">Descripci\u00f3n<\/td>\n<td width=\"528\">La esparraguera o esp\u00e1rrago com\u00fan pertenece a la familia Asparagaceae. Es una planta herb\u00e1cea perenne de follaje muy ramificado y aspecto plumoso. Su cultivo dura bastante tiempo en el suelo, del orden de ocho a diez a\u00f1os.<\/td>\n<\/tr>\n<tr>\n<td width=\"144\">Almacenamiento<\/td>\n<td width=\"528\">El periodo de conservaci\u00f3n de los turiones es bajo, como mucho de 15-20 d\u00edas, a una temperatura entre 0 y 2\u00baC con una humedad cercana al 100%.<\/td>\n<\/tr>\n<tr>\n<td width=\"144\">Empaque<\/td>\n<td width=\"528\">Caja de 5 kilos.<\/td>\n<\/tr>\n<\/tbody>\n<\/table>","protected":false},"excerpt":{"rendered":"<p>&nbsp;<\/p>\n<p>La esparraguera o esp\u00e1rrago com\u00fan pertenece a la familia Asparagaceae. Es una planta herb\u00e1cea perenne de follaje muy ramificado y aspecto plumoso. Su cultivo dura bastante tiempo en el suelo, del orden de ocho a diez a\u00f1os.<\/p>","protected":false},"featured_media":3497,"comment_status":"open","ping_status":"closed","template":"","meta":{"amp_status":""},"class_list":["post-3494","product","type-product","status-publish","has-post-thumbnail","hentry","product_cat-verduras"],"_links":{"self":[{"href":"https:\/\/morganimportexport.com\/en\/wp-json\/wp\/v2\/product\/3494","targetHints":{"allow":["GET"]}}],"collection":[{"href":"https:\/\/morganimportexport.com\/en\/wp-json\/wp\/v2\/product"}],"about":[{"href":"https:\/\/morganimportexport.com\/en\/wp-json\/wp\/v2\/types\/product"}],"replies":[{"embeddable":true,"href":"https:\/\/morganimportexport.com\/en\/wp-json\/wp\/v2\/comments?post=3494"}],"wp:featuredmedia":[{"embeddable":true,"href":"https:\/\/morganimportexport.com\/en\/wp-json\/wp\/v2\/media\/3497"}],"wp:attachment":[{"href":"https:\/\/morganimportexport.com\/en\/wp-json\/wp\/v2\/media?parent=3494"}],"curies":[{"name":"wp","href":"https:\/\/api.w.org\/{rel}","templated":true}]}}