{"id":3490,"date":"2020-10-07T22:53:53","date_gmt":"2020-10-07T22:53:53","guid":{"rendered":"https:\/\/morganimportexport.com\/?post_type=product&#038;p=3490"},"modified":"2020-10-08T01:33:01","modified_gmt":"2020-10-08T01:33:01","slug":"aji-jalapeno","status":"publish","type":"product","link":"https:\/\/morganimportexport.com\/en\/product\/aji-jalapeno\/","title":{"rendered":"AJ\u00cd JALAPE\u00d1O"},"content":{"rendered":"<table width=\"672\">\n<tbody>\n<tr>\n<td width=\"160\">Descripci\u00f3n<\/td>\n<td width=\"512\">De la especie Capsicum annuum, es de color verde intenso, mide entre 5 y 7 cm de largo y 2 o 3 cm de ancho. Muy carnoso, arom\u00e1tico y de buen sabor, en una escala de 1 a 10\u00a0 su nivel de picante es 6, aunque este puede variar de acuerdo a las caracter\u00edsticas propias del terreno donde es cultivado. Se utiliza crudo, cocido o seco, a este \u00faltimo se le conoce como chipotle. Se cultiva principalmente en el Valle del Cauca, as\u00ed como en el departamento de Magdalena<\/td>\n<\/tr>\n<\/tbody>\n<\/table>","protected":false},"excerpt":{"rendered":"<p>&nbsp;<\/p>\n<p>De la especie Capsicum annuum, es de color verde intenso, mide entre 5 y 7 cm de largo y 2 o 3 cm de ancho. Muy carnoso, arom\u00e1tico y de buen sabor, en una escala de 1 a 10\u00a0 su nivel de picante es 6, aunque este puede variar de acuerdo a las caracter\u00edsticas propias del terreno donde es cultivado. Se utiliza crudo, cocido o seco, a este \u00faltimo se le conoce como chipotle. Se cultiva principalmente en el Valle del Cauca, as\u00ed como en el departamento de Magdalena<\/p>","protected":false},"featured_media":3493,"comment_status":"open","ping_status":"closed","template":"","meta":{"amp_status":""},"class_list":["post-3490","product","type-product","status-publish","has-post-thumbnail","hentry","product_cat-verduras"],"_links":{"self":[{"href":"https:\/\/morganimportexport.com\/en\/wp-json\/wp\/v2\/product\/3490","targetHints":{"allow":["GET"]}}],"collection":[{"href":"https:\/\/morganimportexport.com\/en\/wp-json\/wp\/v2\/product"}],"about":[{"href":"https:\/\/morganimportexport.com\/en\/wp-json\/wp\/v2\/types\/product"}],"replies":[{"embeddable":true,"href":"https:\/\/morganimportexport.com\/en\/wp-json\/wp\/v2\/comments?post=3490"}],"wp:featuredmedia":[{"embeddable":true,"href":"https:\/\/morganimportexport.com\/en\/wp-json\/wp\/v2\/media\/3493"}],"wp:attachment":[{"href":"https:\/\/morganimportexport.com\/en\/wp-json\/wp\/v2\/media?parent=3490"}],"curies":[{"name":"wp","href":"https:\/\/api.w.org\/{rel}","templated":true}]}}