{"id":3487,"date":"2020-10-07T22:49:22","date_gmt":"2020-10-07T22:49:22","guid":{"rendered":"https:\/\/morganimportexport.com\/?post_type=product&#038;p=3487"},"modified":"2020-10-08T01:33:10","modified_gmt":"2020-10-08T01:33:10","slug":"aji-tabasco","status":"publish","type":"product","link":"https:\/\/morganimportexport.com\/en\/product\/aji-tabasco\/","title":{"rendered":"AJ\u00cd TABASCO"},"content":{"rendered":"<table width=\"697\">\n<tbody>\n<tr>\n<td width=\"144\">Descripci\u00f3n<\/td>\n<td width=\"553\">Pertenece a la especie Capsicum frutescens, mide 2 o 3 cm de largo y 1 cm de ancho, es jugoso y su picante es agudo. Es principalmente conocido por la salsa o pasta que se realiza con este, muy utilizada como condimento en platos salados y dulces como tortas y brownies. Los departamentos del Valle, Cauca, Atl\u00e1ntico, Bol\u00edvar, Sucre y C\u00f3rdoba tienen hect\u00e1reas sembradas con este aj\u00ed.<\/td>\n<\/tr>\n<\/tbody>\n<\/table>","protected":false},"excerpt":{"rendered":"<p>&nbsp;<\/p>\n<p>Pertenece a la especie Capsicum frutescens, mide 2 o 3 cm de largo y 1 cm de ancho, es jugoso y su picante es agudo. Es principalmente conocido por la salsa o pasta que se realiza con este, muy utilizada como condimento en platos salados y dulces como tortas y brownies. Los departamentos del Valle, Cauca, Atl\u00e1ntico, Bol\u00edvar, Sucre y C\u00f3rdoba tienen hect\u00e1reas sembradas con este aj\u00ed.<\/p>","protected":false},"featured_media":3491,"comment_status":"open","ping_status":"closed","template":"","meta":{"amp_status":""},"class_list":["post-3487","product","type-product","status-publish","has-post-thumbnail","hentry","product_cat-verduras"],"_links":{"self":[{"href":"https:\/\/morganimportexport.com\/en\/wp-json\/wp\/v2\/product\/3487","targetHints":{"allow":["GET"]}}],"collection":[{"href":"https:\/\/morganimportexport.com\/en\/wp-json\/wp\/v2\/product"}],"about":[{"href":"https:\/\/morganimportexport.com\/en\/wp-json\/wp\/v2\/types\/product"}],"replies":[{"embeddable":true,"href":"https:\/\/morganimportexport.com\/en\/wp-json\/wp\/v2\/comments?post=3487"}],"wp:featuredmedia":[{"embeddable":true,"href":"https:\/\/morganimportexport.com\/en\/wp-json\/wp\/v2\/media\/3491"}],"wp:attachment":[{"href":"https:\/\/morganimportexport.com\/en\/wp-json\/wp\/v2\/media?parent=3487"}],"curies":[{"name":"wp","href":"https:\/\/api.w.org\/{rel}","templated":true}]}}