{"id":3486,"date":"2020-10-07T22:48:57","date_gmt":"2020-10-07T22:48:57","guid":{"rendered":"https:\/\/morganimportexport.com\/?post_type=product&#038;p=3486"},"modified":"2020-10-08T01:37:12","modified_gmt":"2020-10-08T01:37:12","slug":"aji-chirca","status":"publish","type":"product","link":"https:\/\/morganimportexport.com\/en\/product\/aji-chirca\/","title":{"rendered":"AJ\u00cd CHIRCA"},"content":{"rendered":"<table width=\"704\">\n<tbody>\n<tr>\n<td width=\"259\">Descripci\u00f3n<\/td>\n<td width=\"445\">Es muy peque\u00f1o, entre 2 cm de largo por 1 cm de ancho, madura de verde a rojo, puede consumirse fresco o seco y es utilizado para preparar salsas y encurtidos t\u00edpicos colombianos como aj\u00ed de huevo, aj\u00ed de aguacate o aj\u00ed verde. Es una variedad silvestre del aj\u00ed piqu\u00edn, oriundo de M\u00e9xico, y tambi\u00e9n pertenece a la especie Capsicum annuum. Es cultivado en Cundinamarca.<\/td>\n<\/tr>\n<\/tbody>\n<\/table>","protected":false},"excerpt":{"rendered":"<p>Es muy peque\u00f1o, entre 2 cm de largo por 1 cm de ancho, madura de verde a rojo, puede consumirse fresco o seco y es utilizado para preparar salsas y encurtidos t\u00edpicos colombianos como aj\u00ed de huevo, aj\u00ed de aguacate o aj\u00ed verde. Es una variedad silvestre del aj\u00ed piqu\u00edn, oriundo de M\u00e9xico, y tambi\u00e9n pertenece a la especie Capsicum annuum. Es cultivado en Cundinamarca.<\/p>","protected":false},"featured_media":3489,"comment_status":"open","ping_status":"closed","template":"","meta":{"amp_status":""},"class_list":["post-3486","product","type-product","status-publish","has-post-thumbnail","hentry","product_cat-verduras"],"_links":{"self":[{"href":"https:\/\/morganimportexport.com\/en\/wp-json\/wp\/v2\/product\/3486","targetHints":{"allow":["GET"]}}],"collection":[{"href":"https:\/\/morganimportexport.com\/en\/wp-json\/wp\/v2\/product"}],"about":[{"href":"https:\/\/morganimportexport.com\/en\/wp-json\/wp\/v2\/types\/product"}],"replies":[{"embeddable":true,"href":"https:\/\/morganimportexport.com\/en\/wp-json\/wp\/v2\/comments?post=3486"}],"wp:featuredmedia":[{"embeddable":true,"href":"https:\/\/morganimportexport.com\/en\/wp-json\/wp\/v2\/media\/3489"}],"wp:attachment":[{"href":"https:\/\/morganimportexport.com\/en\/wp-json\/wp\/v2\/media?parent=3486"}],"curies":[{"name":"wp","href":"https:\/\/api.w.org\/{rel}","templated":true}]}}