{"id":3483,"date":"2020-10-07T22:47:07","date_gmt":"2020-10-07T22:47:07","guid":{"rendered":"https:\/\/morganimportexport.com\/?post_type=product&#038;p=3483"},"modified":"2020-10-08T01:37:27","modified_gmt":"2020-10-08T01:37:27","slug":"aji-habanero","status":"publish","type":"product","link":"https:\/\/morganimportexport.com\/en\/product\/aji-habanero\/","title":{"rendered":"AJ\u00cd HABANERO"},"content":{"rendered":"<table width=\"704\">\n<tbody>\n<tr>\n<td width=\"246\">Descripci\u00f3n<\/td>\n<td width=\"458\">Entre m\u00e1s maduro est\u00e9, m\u00e1s naranjado y brillante es. De textura suave y tama\u00f1o peque\u00f1o. Es de la especie Capsicum chinense y su sabor es intenso y muy picante, de hecho, es considerado uno de los aj\u00eds m\u00e1s picantes. Puede comerse fresco, asado o cocido, as\u00ed como utilzarlo para hacer salsas o encurtidos. Valle del Cauca es su principal cultivador.<\/td>\n<\/tr>\n<tr>\n<td width=\"246\">Conservaci\u00f3n:<\/td>\n<td width=\"458\">\u00a0Al medio ambiente 10 d\u00edas y refrigerado 3 meses.<\/td>\n<\/tr>\n<tr>\n<td width=\"246\">Empaque<\/td>\n<td width=\"458\">\u00a0Caja por 10 libras<\/td>\n<\/tr>\n<\/tbody>\n<\/table>","protected":false},"excerpt":{"rendered":"<p>Entre m\u00e1s maduro est\u00e9, m\u00e1s naranjado y brillante es. De textura suave y tama\u00f1o peque\u00f1o. Es de la especie Capsicum chinense y su sabor es intenso y muy picante, de hecho, es considerado uno de los aj\u00eds m\u00e1s picantes.<\/p>","protected":false},"featured_media":3488,"comment_status":"open","ping_status":"closed","template":"","meta":{"amp_status":""},"class_list":["post-3483","product","type-product","status-publish","has-post-thumbnail","hentry","product_cat-verduras"],"_links":{"self":[{"href":"https:\/\/morganimportexport.com\/en\/wp-json\/wp\/v2\/product\/3483","targetHints":{"allow":["GET"]}}],"collection":[{"href":"https:\/\/morganimportexport.com\/en\/wp-json\/wp\/v2\/product"}],"about":[{"href":"https:\/\/morganimportexport.com\/en\/wp-json\/wp\/v2\/types\/product"}],"replies":[{"embeddable":true,"href":"https:\/\/morganimportexport.com\/en\/wp-json\/wp\/v2\/comments?post=3483"}],"wp:featuredmedia":[{"embeddable":true,"href":"https:\/\/morganimportexport.com\/en\/wp-json\/wp\/v2\/media\/3488"}],"wp:attachment":[{"href":"https:\/\/morganimportexport.com\/en\/wp-json\/wp\/v2\/media?parent=3483"}],"curies":[{"name":"wp","href":"https:\/\/api.w.org\/{rel}","templated":true}]}}