{"id":3478,"date":"2020-10-07T22:41:32","date_gmt":"2020-10-07T22:41:32","guid":{"rendered":"https:\/\/morganimportexport.com\/?post_type=product&#038;p=3478"},"modified":"2020-10-08T01:38:22","modified_gmt":"2020-10-08T01:38:22","slug":"tomate-chonto","status":"publish","type":"product","link":"https:\/\/morganimportexport.com\/en\/product\/tomate-chonto\/","title":{"rendered":"TOMATE CHONTO"},"content":{"rendered":"<table width=\"584\">\n<tbody>\n<tr>\n<td width=\"225\">Descripci\u00f3n<\/td>\n<td width=\"359\">El tomate es una planta perenne anual de porte arbustivo; se desarrolla de forma rastrera semierecta o erecta.<\/p>\n<p>Caracter\u00edsticas organol\u00e9pticas: Forma: aunque la mayor\u00eda de los frutos son redondeados, su forma puede diferir seg\u00fan la variedad (esf\u00e9rica, alargada, periforme, etc.).<\/td>\n<\/tr>\n<tr>\n<td width=\"225\">Tama\u00f1o y peso:<\/td>\n<td width=\"359\">var\u00eda de los 3 cent\u00edmetros (tomate cherry) hasta m\u00e1s de 10 cent\u00edmetros (milano o larga vida); el peso var\u00eda entre 80 y 300 gramos.<\/td>\n<\/tr>\n<tr>\n<td width=\"225\">Color:<\/td>\n<td width=\"359\">var\u00eda de verde a rojo, de acuerdo a la variedad y el grado de maduraci\u00f3n.<\/td>\n<\/tr>\n<tr>\n<td width=\"225\">Sabor:<\/td>\n<td width=\"359\">generalmente su sabor es ligeramente acido con un particular toque dulce.<\/td>\n<\/tr>\n<tr>\n<td width=\"225\">Grado de maduraci\u00f3n<\/td>\n<td width=\"359\">Verde Coloraci\u00f3n incipiente (1\/4 pint\u00f3n), Coloraci\u00f3n media (1\/2 pint\u00f3n), Coloraci\u00f3n avanzada (3\/4 pint\u00f3n), Roja<\/td>\n<\/tr>\n<tr>\n<td width=\"225\">Conservaci\u00f3n:<\/td>\n<td width=\"359\">Grado de madurez\u00a0\u00a0\u00a0\u00a0\u00a0\u00a0\u00a0\u00a0\u00a0\u00a0\u00a0\u00a0\u00a0\u00a0\u00a0\u00a0\u00a0\u00a0\u00a0\u00a0\u00a0\u00a0\u00a0\u00a0\u00a0 Temperatura<\/td>\n<\/tr>\n<tr>\n<td width=\"225\"><\/td>\n<td width=\"359\">Verde\u00a0\u00a0\u00a0\u00a0\u00a0\u00a0\u00a0\u00a0\u00a0\u00a0\u00a0\u00a0\u00a0\u00a0\u00a0\u00a0\u00a0\u00a0\u00a0\u00a0\u00a0\u00a0\u00a0\u00a0\u00a0\u00a0\u00a0\u00a0\u00a0\u00a0\u00a0\u00a0\u00a0\u00a0\u00a0\u00a0\u00a0\u00a0\u00a0\u00a0\u00a0\u00a0\u00a0\u00a0\u00a0\u00a0\u00a0\u00a0\u00a0\u00a0\u00a0\u00a0\u00a0\u00a0\u00a0\u00a0\u00a0\u00a0 13-\u201015\u00a0\u00a0\u00a0\u00a0\u00a0\u00a0\u00a0\u00a0\u00a0\u00a0\u00a0\u00a0\u00a0\u00a0 grados (15 a 18 d\u00edas)<\/td>\n<\/tr>\n<tr>\n<td width=\"225\"><\/td>\n<td width=\"359\">Coloraci\u00f3n incipiente (1\/4 pint\u00f3n)\u00a0\u00a0\u00a0\u00a0\u00a0\u00a0\u00a0\u00a0\u00a0\u00a0\u00a0\u00a0\u00a0\u00a0 10-\u201012\u00a0\u00a0\u00a0\u00a0\u00a0\u00a0\u00a0\u00a0\u00a0\u00a0\u00a0\u00a0\u00a0\u00a0 grados (12 a 15 d\u00edas)<\/td>\n<\/tr>\n<tr>\n<td width=\"225\"><\/td>\n<td width=\"359\">Coloraci\u00f3n media\u00a0 (1\/2 pint\u00f3n)\u00a0\u00a0\u00a0\u00a0\u00a0\u00a0\u00a0\u00a0\u00a0\u00a0\u00a0\u00a0\u00a0\u00a0\u00a0\u00a0 9-\u201010\u00a0\u00a0\u00a0\u00a0\u00a0\u00a0\u00a0\u00a0\u00a0\u00a0\u00a0\u00a0\u00a0\u00a0\u00a0\u00a0 grados (9 a 12 d\u00edas)<\/td>\n<\/tr>\n<tr>\n<td width=\"225\"><\/td>\n<td width=\"359\">Coloraci\u00f3n avanzada (3\/4 pint\u00f3n) \u00a0\u00a0\u00a0\u00a0\u00a0\u00a0\u00a0\u00a0\u00a0\u00a0\u00a0\u00a0\u00a0\u00a0\u00a0\u00a08-\u201010\u00a0\u00a0\u00a0\u00a0\u00a0\u00a0\u00a0\u00a0\u00a0\u00a0\u00a0\u00a0\u00a0\u00a0\u00a0\u00a0 grados (6 a 8 d\u00edas)<\/td>\n<\/tr>\n<tr>\n<td width=\"225\"><\/td>\n<td width=\"359\">Rojo\u00a0\u00a0\u00a0\u00a0\u00a0\u00a0\u00a0\u00a0\u00a0\u00a0\u00a0\u00a0\u00a0\u00a0\u00a0\u00a0\u00a0\u00a0\u00a0\u00a0\u00a0\u00a0\u00a0\u00a0\u00a0\u00a0\u00a0\u00a0\u00a0\u00a0\u00a0\u00a0\u00a0\u00a0\u00a0\u00a0\u00a0\u00a0\u00a0\u00a0\u00a0\u00a0\u00a0\u00a0\u00a0\u00a0\u00a0\u00a0\u00a0\u00a0\u00a0\u00a0\u00a0\u00a0\u00a0\u00a0\u00a0\u00a0\u00a0\u00a0\u00a0\u00a0\u00a0\u00a0\u00a0\u00a0\u00a0\u00a0\u00a0 7-\u20109\u00a0\u00a0\u00a0\u00a0\u00a0\u00a0\u00a0\u00a0\u00a0\u00a0\u00a0\u00a0\u00a0\u00a0\u00a0\u00a0\u00a0\u00a0 grados (4 a 6 d\u00edas)<\/td>\n<\/tr>\n<tr>\n<td width=\"225\">Empaques:<\/td>\n<td width=\"359\">cajas por 25 libras<\/td>\n<\/tr>\n<\/tbody>\n<\/table>","protected":false},"excerpt":{"rendered":"<p>&nbsp;<\/p>\n<p>El tomate es una planta perenne anual de porte arbustivo; se desarrolla de forma rastrera semierecta o erecta.<\/p>","protected":false},"featured_media":3481,"comment_status":"open","ping_status":"closed","template":"","meta":{"amp_status":""},"class_list":["post-3478","product","type-product","status-publish","has-post-thumbnail","hentry","product_cat-verduras"],"_links":{"self":[{"href":"https:\/\/morganimportexport.com\/en\/wp-json\/wp\/v2\/product\/3478","targetHints":{"allow":["GET"]}}],"collection":[{"href":"https:\/\/morganimportexport.com\/en\/wp-json\/wp\/v2\/product"}],"about":[{"href":"https:\/\/morganimportexport.com\/en\/wp-json\/wp\/v2\/types\/product"}],"replies":[{"embeddable":true,"href":"https:\/\/morganimportexport.com\/en\/wp-json\/wp\/v2\/comments?post=3478"}],"wp:featuredmedia":[{"embeddable":true,"href":"https:\/\/morganimportexport.com\/en\/wp-json\/wp\/v2\/media\/3481"}],"wp:attachment":[{"href":"https:\/\/morganimportexport.com\/en\/wp-json\/wp\/v2\/media?parent=3478"}],"curies":[{"name":"wp","href":"https:\/\/api.w.org\/{rel}","templated":true}]}}