{"id":3474,"date":"2020-10-07T22:38:47","date_gmt":"2020-10-07T22:38:47","guid":{"rendered":"https:\/\/morganimportexport.com\/?post_type=product&#038;p=3474"},"modified":"2020-10-08T01:39:55","modified_gmt":"2020-10-08T01:39:55","slug":"banano-cavendish","status":"publish","type":"product","link":"https:\/\/morganimportexport.com\/en\/product\/banano-cavendish\/","title":{"rendered":"BANANO CAVENDISH"},"content":{"rendered":"<table width=\"576\">\n<tbody>\n<tr>\n<td width=\"206\">DESCRIPCION<\/td>\n<td width=\"370\">El banano es una fruta bien alineada y acoplada en todas las l\u00edneas, limpia, libre de manchas, heridas, grietas, residuos y maltratos, cicatrices que afecten la pulpa, de color verde natural, con buen brillo y color, atractiva para el consumidor.<\/td>\n<\/tr>\n<tr>\n<td width=\"206\">DIMENSIONES<\/td>\n<td width=\"370\">Cada dedo o cada banano tiene como medidas de largo 8 pulgadas (20,32 cent\u00edmetros) y de espesor de 1,65 a 3,48 cms&#8230;<\/td>\n<\/tr>\n<tr>\n<td width=\"206\">Conservaci\u00f3n:<\/td>\n<td width=\"370\">Temperatura entre 8 y 13 \u00b0C y vida \u00fatil entre 1 y 4 semanas, antes de iniciar su maduraci\u00f3n. A medio ambiente duraci\u00f3n 4 d\u00edas antes de iniciar la maduraci\u00f3n<\/td>\n<\/tr>\n<tr>\n<td width=\"206\">Empaque:<\/td>\n<td width=\"370\">Caja por 40 libras.<\/td>\n<\/tr>\n<\/tbody>\n<\/table>","protected":false},"excerpt":{"rendered":"<p>El banano es una fruta bien alineada y acoplada en todas las l\u00edneas, limpia, libre de manchas, heridas, grietas, residuos y maltratos, cicatrices que afecten la pulpa, de color verde natural, con buen brillo y color, atractiva para el consumidor.<\/p>","protected":false},"featured_media":3476,"comment_status":"open","ping_status":"closed","template":"","meta":{"amp_status":""},"class_list":["post-3474","product","type-product","status-publish","has-post-thumbnail","hentry","product_cat-frutas"],"_links":{"self":[{"href":"https:\/\/morganimportexport.com\/en\/wp-json\/wp\/v2\/product\/3474","targetHints":{"allow":["GET"]}}],"collection":[{"href":"https:\/\/morganimportexport.com\/en\/wp-json\/wp\/v2\/product"}],"about":[{"href":"https:\/\/morganimportexport.com\/en\/wp-json\/wp\/v2\/types\/product"}],"replies":[{"embeddable":true,"href":"https:\/\/morganimportexport.com\/en\/wp-json\/wp\/v2\/comments?post=3474"}],"wp:featuredmedia":[{"embeddable":true,"href":"https:\/\/morganimportexport.com\/en\/wp-json\/wp\/v2\/media\/3476"}],"wp:attachment":[{"href":"https:\/\/morganimportexport.com\/en\/wp-json\/wp\/v2\/media?parent=3474"}],"curies":[{"name":"wp","href":"https:\/\/api.w.org\/{rel}","templated":true}]}}