{"id":3473,"date":"2020-10-07T22:38:51","date_gmt":"2020-10-07T22:38:51","guid":{"rendered":"https:\/\/morganimportexport.com\/?post_type=product&#038;p=3473"},"modified":"2020-10-08T01:39:13","modified_gmt":"2020-10-08T01:39:13","slug":"platano-verde","status":"publish","type":"product","link":"https:\/\/morganimportexport.com\/en\/product\/platano-verde\/","title":{"rendered":"PLATANO VERDE"},"content":{"rendered":"<table width=\"598\">\n<tbody>\n<tr>\n<td width=\"213\">DESCRIPCI\u00d3N<\/td>\n<td width=\"385\">El pl\u00e1tano es un fruto de color verde natural, de consumo masivo que pertenece a la familia de las mus\u00e1ceas y de la variedad hart\u00f3n. Fruta saludable, limpia, libre de manchas, heridas, grietas, residuos, maltratos, cicatrices que afectan la pulpa.<\/td>\n<\/tr>\n<tr>\n<td width=\"213\">COSECHA<\/td>\n<td width=\"385\">se hace entre 8 y 10 semanas para prevenir su maduraci\u00f3n.<\/td>\n<\/tr>\n<tr>\n<td width=\"213\">Conservaci\u00f3n:<\/td>\n<td width=\"385\">Temperatura entre 8 y 13 \u00b0C y vida \u00fatil entre 1 y 4 semanas, antes de iniciar su maduraci\u00f3n. A medio ambiente duraci\u00f3n 4 d\u00edas antes de iniciar la maduraci\u00f3n<\/td>\n<\/tr>\n<tr>\n<td width=\"213\">Empaque:<\/td>\n<td width=\"385\">Caja por 45 libras<\/td>\n<\/tr>\n<\/tbody>\n<\/table>","protected":false},"excerpt":{"rendered":"<p>&nbsp;<\/p>\n<p>El pl\u00e1tano es un fruto de color verde natural, de consumo masivo que pertenece a la familia de las mus\u00e1ceas y de la variedad hart\u00f3n. Fruta saludable, limpia, libre de manchas, heridas, grietas, residuos, maltratos, cicatrices que afectan la pulpa.<\/p>","protected":false},"featured_media":3477,"comment_status":"open","ping_status":"closed","template":"","meta":{"amp_status":""},"class_list":["post-3473","product","type-product","status-publish","has-post-thumbnail","hentry","product_cat-verduras"],"_links":{"self":[{"href":"https:\/\/morganimportexport.com\/en\/wp-json\/wp\/v2\/product\/3473","targetHints":{"allow":["GET"]}}],"collection":[{"href":"https:\/\/morganimportexport.com\/en\/wp-json\/wp\/v2\/product"}],"about":[{"href":"https:\/\/morganimportexport.com\/en\/wp-json\/wp\/v2\/types\/product"}],"replies":[{"embeddable":true,"href":"https:\/\/morganimportexport.com\/en\/wp-json\/wp\/v2\/comments?post=3473"}],"wp:featuredmedia":[{"embeddable":true,"href":"https:\/\/morganimportexport.com\/en\/wp-json\/wp\/v2\/media\/3477"}],"wp:attachment":[{"href":"https:\/\/morganimportexport.com\/en\/wp-json\/wp\/v2\/media?parent=3473"}],"curies":[{"name":"wp","href":"https:\/\/api.w.org\/{rel}","templated":true}]}}