{"id":3469,"date":"2020-10-07T22:32:44","date_gmt":"2020-10-07T22:32:44","guid":{"rendered":"https:\/\/morganimportexport.com\/?post_type=product&#038;p=3469"},"modified":"2020-10-08T01:42:18","modified_gmt":"2020-10-08T01:42:18","slug":"maiz-sin-pelar","status":"publish","type":"product","link":"https:\/\/morganimportexport.com\/en\/product\/maiz-sin-pelar\/","title":{"rendered":"MAIZ SIN PELAR"},"content":{"rendered":"<table width=\"705\">\n<tbody>\n<tr>\n<td width=\"185\">Descripci\u00f3n<\/td>\n<td width=\"520\">En Centroam\u00e9rica, y en M\u00e9xico, se le llama elote a la planta de ma\u00edz que todav\u00eda est\u00e1 en la planta que la produjo, o bien a la que fue recientemente cosechada y en la cual los granos todav\u00eda guardan la humedad natural. Este t\u00e9rmino tambi\u00e9n se usa en las comunidades mexicanas y centroamericanas de los Estados Unidos<\/td>\n<\/tr>\n<tr>\n<td width=\"185\">Conservaci\u00f3n<\/td>\n<td width=\"520\">Se puede almacenar al medio ambiente y su vida \u00fatil pueda ser de 12 d\u00edas y refrigerado hasta de 20 d\u00edas.<\/td>\n<\/tr>\n<tr>\n<td width=\"185\">Empaque<\/td>\n<td width=\"520\">caja de 23 libras<\/td>\n<\/tr>\n<\/tbody>\n<\/table>","protected":false},"excerpt":{"rendered":"<p>&nbsp;<\/p>\n<p>En Centroam\u00e9rica, y en M\u00e9xico, se le llama elote a la planta de ma\u00edz que todav\u00eda est\u00e1 en la planta que la produjo, o bien a la que fue recientemente cosechada y en la cual los granos todav\u00eda guardan la humedad natural. Este t\u00e9rmino tambi\u00e9n se usa en las comunidades mexicanas y centroamericanas de los Estados Unidos.<\/p>","protected":false},"featured_media":3470,"comment_status":"open","ping_status":"closed","template":"","meta":{"amp_status":""},"class_list":["post-3469","product","type-product","status-publish","has-post-thumbnail","hentry","product_cat-verduras"],"_links":{"self":[{"href":"https:\/\/morganimportexport.com\/en\/wp-json\/wp\/v2\/product\/3469","targetHints":{"allow":["GET"]}}],"collection":[{"href":"https:\/\/morganimportexport.com\/en\/wp-json\/wp\/v2\/product"}],"about":[{"href":"https:\/\/morganimportexport.com\/en\/wp-json\/wp\/v2\/types\/product"}],"replies":[{"embeddable":true,"href":"https:\/\/morganimportexport.com\/en\/wp-json\/wp\/v2\/comments?post=3469"}],"wp:featuredmedia":[{"embeddable":true,"href":"https:\/\/morganimportexport.com\/en\/wp-json\/wp\/v2\/media\/3470"}],"wp:attachment":[{"href":"https:\/\/morganimportexport.com\/en\/wp-json\/wp\/v2\/media?parent=3469"}],"curies":[{"name":"wp","href":"https:\/\/api.w.org\/{rel}","templated":true}]}}