{"id":3464,"date":"2020-10-07T22:32:41","date_gmt":"2020-10-07T22:32:41","guid":{"rendered":"https:\/\/morganimportexport.com\/?post_type=product&#038;p=3464"},"modified":"2020-10-08T01:42:20","modified_gmt":"2020-10-08T01:42:20","slug":"zukini-chino","status":"publish","type":"product","link":"https:\/\/morganimportexport.com\/en\/product\/zukini-chino\/","title":{"rendered":"ZUKINI CHINO"},"content":{"rendered":"<table width=\"703\">\n<tbody>\n<tr>\n<td width=\"208\">Descripci\u00f3n<\/td>\n<td width=\"495\">El zucchini, conocido tambi\u00e9n como calabac\u00edn y zapallito, pertenece a la familia de las calabazas peque\u00f1as, en t\u00e9rminos gastron\u00f3micos se le considera como un vegetal, pero bot\u00e1nicamente es una fruta.<\/td>\n<\/tr>\n<tr>\n<td width=\"208\">Conservaci\u00f3n<\/td>\n<td width=\"495\">El zukini chino es una hortaliza que con una baja capacidad de conservaci\u00f3n, normalmente empieza a perder calidad a partir de los 14 d\u00edas de almacenamiento. Suele conservarse a 95% de humedad relativa y entre 7 a 10\u00baC.<\/td>\n<\/tr>\n<tr>\n<td width=\"208\">Empaque<\/td>\n<td width=\"495\">Caja por 40 libras.<\/td>\n<\/tr>\n<\/tbody>\n<\/table>","protected":false},"excerpt":{"rendered":"<p>&nbsp;<\/p>\n<p>El zucchini, conocido tambi\u00e9n como calabac\u00edn y zapallito, pertenece a la familia de las calabazas peque\u00f1as, en t\u00e9rminos gastron\u00f3micos se le considera como un vegetal, pero bot\u00e1nicamente es una fruta.<\/p>","protected":false},"featured_media":3467,"comment_status":"open","ping_status":"closed","template":"","meta":{"amp_status":""},"class_list":["post-3464","product","type-product","status-publish","has-post-thumbnail","hentry","product_cat-verduras"],"_links":{"self":[{"href":"https:\/\/morganimportexport.com\/en\/wp-json\/wp\/v2\/product\/3464","targetHints":{"allow":["GET"]}}],"collection":[{"href":"https:\/\/morganimportexport.com\/en\/wp-json\/wp\/v2\/product"}],"about":[{"href":"https:\/\/morganimportexport.com\/en\/wp-json\/wp\/v2\/types\/product"}],"replies":[{"embeddable":true,"href":"https:\/\/morganimportexport.com\/en\/wp-json\/wp\/v2\/comments?post=3464"}],"wp:featuredmedia":[{"embeddable":true,"href":"https:\/\/morganimportexport.com\/en\/wp-json\/wp\/v2\/media\/3467"}],"wp:attachment":[{"href":"https:\/\/morganimportexport.com\/en\/wp-json\/wp\/v2\/media?parent=3464"}],"curies":[{"name":"wp","href":"https:\/\/api.w.org\/{rel}","templated":true}]}}