{"id":3458,"date":"2020-10-07T22:27:46","date_gmt":"2020-10-07T22:27:46","guid":{"rendered":"https:\/\/morganimportexport.com\/?post_type=product&#038;p=3458"},"modified":"2020-10-08T01:42:22","modified_gmt":"2020-10-08T01:42:22","slug":"yuca-encerada-o-parafinada","status":"publish","type":"product","link":"https:\/\/morganimportexport.com\/en\/product\/yuca-encerada-o-parafinada\/","title":{"rendered":"YUCA ENCERADA O PARAFINADA"},"content":{"rendered":"<table width=\"679\">\n<tbody>\n<tr>\n<td width=\"248\">Descripci\u00f3n<\/td>\n<td width=\"432\">Ra\u00edz tuberculosa de la especie manihot spp, de las variedades: Negrita, Venezolana, P \u2013 12, que tiene las siguientes caracter\u00edsticas: c\u00e1scara encerada, se utiliza como sustituto parcial de los granos, como fuentedeenerg\u00eda,Ra\u00edces limpias de peso entre 1,5 y 3 kilos, Libres de hongos, Libre de ataque por insectos, Color interno blanco o crema, Olor caracter\u00edstico<\/td>\n<\/tr>\n<tr>\n<td width=\"248\">Conservaci\u00f3n<\/td>\n<td width=\"432\">Al medio ambiente de 20 a 40 d\u00edas<\/td>\n<\/tr>\n<tr>\n<td width=\"248\">Empaque<\/td>\n<td width=\"432\">Caja por 50 libras.<\/td>\n<\/tr>\n<\/tbody>\n<\/table>","protected":false},"excerpt":{"rendered":"<p>&nbsp;<\/p>\n<p>Ra\u00edz tuberculosa de la especie manihot spp, de las variedades: Negrita, Venezolana, P \u2013 12, que tiene las siguientes caracter\u00edsticas: c\u00e1scara encerada, se utiliza como sustituto parcial de los granos, como fuentedeenerg\u00eda,Ra\u00edces limpias de peso entre 1,5 y 3 kilos, Libres de hongos, Libre de ataque por insectos, Color interno blanco o crema, Olor caracter\u00edstico<\/p>","protected":false},"featured_media":3462,"comment_status":"open","ping_status":"closed","template":"","meta":{"amp_status":""},"class_list":["post-3458","product","type-product","status-publish","has-post-thumbnail","hentry","product_cat-verduras"],"_links":{"self":[{"href":"https:\/\/morganimportexport.com\/en\/wp-json\/wp\/v2\/product\/3458","targetHints":{"allow":["GET"]}}],"collection":[{"href":"https:\/\/morganimportexport.com\/en\/wp-json\/wp\/v2\/product"}],"about":[{"href":"https:\/\/morganimportexport.com\/en\/wp-json\/wp\/v2\/types\/product"}],"replies":[{"embeddable":true,"href":"https:\/\/morganimportexport.com\/en\/wp-json\/wp\/v2\/comments?post=3458"}],"wp:featuredmedia":[{"embeddable":true,"href":"https:\/\/morganimportexport.com\/en\/wp-json\/wp\/v2\/media\/3462"}],"wp:attachment":[{"href":"https:\/\/morganimportexport.com\/en\/wp-json\/wp\/v2\/media?parent=3458"}],"curies":[{"name":"wp","href":"https:\/\/api.w.org\/{rel}","templated":true}]}}