{"id":3455,"date":"2020-10-07T22:10:54","date_gmt":"2020-10-07T22:10:54","guid":{"rendered":"https:\/\/morganimportexport.com\/?post_type=product&#038;p=3455"},"modified":"2020-10-08T01:42:36","modified_gmt":"2020-10-08T01:42:36","slug":"name-espino","status":"publish","type":"product","link":"https:\/\/morganimportexport.com\/en\/product\/name-espino\/","title":{"rendered":"\u00d1AME ESPINO"},"content":{"rendered":"<table width=\"703\">\n<tbody>\n<tr>\n<td width=\"270\">Descripci\u00f3n<\/td>\n<td width=\"434\">El \u00d1ame es una de varias especies de plantas del g\u00e9nero Dioscorea (de la familia Dioscoreaceae), nativo a regiones c\u00e1lidas de ambos hemisferios. Este tub\u00e9rculo tropical cuya parte expuesta es en forma de enredadera, es muy popular en centro y sur Am\u00e9rica, al igual que en el Caribe, \u00c1frica y partes del Asia. Diversas variedades de \u00d1ame se cultivan a trav\u00e9s de los tr\u00f3picos y en parte de las regiones sub-tropicales y templadas. En el Africa occidental y en Nueva Guinea el de \u00d1ame es uno de los principales cultivos primarios.<\/td>\n<\/tr>\n<tr>\n<td width=\"270\">Conservaci\u00f3n:<\/td>\n<td width=\"434\">temperatura de almacenaje constante de entre 13\u00b0C. El producto puede ser almacenado hasta por 3 meses , pero temperaturas por debajo de 12\u00baC afectar\u00e1n negativamente el rubro produci\u00e9ndole lesiones por fr\u00edo que se manifiestan por una coloraci\u00f3n achocolatada de la parte carnosa del producto y un aumento en la susceptibilidad de infecci\u00f3n por hongo y descomposici\u00f3n, y a temperaturas mayores el producto germinar\u00e1.<\/td>\n<\/tr>\n<tr>\n<td width=\"270\">Empaque<\/td>\n<td width=\"434\">Caja de 20 kilos.<\/td>\n<\/tr>\n<\/tbody>\n<\/table>","protected":false},"excerpt":{"rendered":"<p>Descripci\u00f3n El \u00d1ame es una de varias especies de plantas del g\u00e9nero Dioscorea (de la familia Dioscoreaceae), nativo a regiones c\u00e1lidas de ambos hemisferios. Este tub\u00e9rculo tropical cuya parte expuesta es en forma de enredadera, es muy popular en centro y sur Am\u00e9rica, al igual que en el Caribe, \u00c1frica y partes del Asia. Diversas [&hellip;]<\/p>","protected":false},"featured_media":3459,"comment_status":"open","ping_status":"closed","template":"","meta":{"amp_status":""},"class_list":["post-3455","product","type-product","status-publish","has-post-thumbnail","hentry","product_cat-sin-categorizar"],"_links":{"self":[{"href":"https:\/\/morganimportexport.com\/en\/wp-json\/wp\/v2\/product\/3455","targetHints":{"allow":["GET"]}}],"collection":[{"href":"https:\/\/morganimportexport.com\/en\/wp-json\/wp\/v2\/product"}],"about":[{"href":"https:\/\/morganimportexport.com\/en\/wp-json\/wp\/v2\/types\/product"}],"replies":[{"embeddable":true,"href":"https:\/\/morganimportexport.com\/en\/wp-json\/wp\/v2\/comments?post=3455"}],"wp:featuredmedia":[{"embeddable":true,"href":"https:\/\/morganimportexport.com\/en\/wp-json\/wp\/v2\/media\/3459"}],"wp:attachment":[{"href":"https:\/\/morganimportexport.com\/en\/wp-json\/wp\/v2\/media?parent=3455"}],"curies":[{"name":"wp","href":"https:\/\/api.w.org\/{rel}","templated":true}]}}