{"id":3454,"date":"2020-10-07T22:10:02","date_gmt":"2020-10-07T22:10:02","guid":{"rendered":"https:\/\/morganimportexport.com\/?post_type=product&#038;p=3454"},"modified":"2020-10-08T01:42:36","modified_gmt":"2020-10-08T01:42:36","slug":"cebolla-blanca-redonda-o-de-bulbo-o-cebolla-roja","status":"publish","type":"product","link":"https:\/\/morganimportexport.com\/en\/product\/cebolla-blanca-redonda-o-de-bulbo-o-cebolla-roja\/","title":{"rendered":"CEBOLLA BLANCA REDONDA O DE BULBO o CEBOLLA ROJA"},"content":{"rendered":"<table width=\"664\">\n<tbody>\n<tr>\n<td width=\"136\">Descripci\u00f3n<\/td>\n<td width=\"528\">Allium cepa, com\u00fanmente conocida como cebolla, es una planta herb\u00e1cea bienal. La cebolla se conoce tambi\u00e9n como <i>cebolla cabezona<\/i>, cebolla de huevo o cebolla de bulbo.\u200b Si bien el nombre m\u00e1s usado en espa\u00f1ol es \u00abcebolla\u00bb<\/td>\n<\/tr>\n<tr>\n<td width=\"136\">Conservaci\u00f3n:<\/td>\n<td width=\"528\">Para una conservaci\u00f3n industrial es necesario profundizar un poco m\u00e1s. Una adecuada conservaci\u00f3n frigor\u00edfica nos permite alargar la vida \u00fatil de las cebollas:<\/p>\n<p>En primer lugar utiliza los bulbos de cuello grueso ya que son los m\u00e1s antiguos y no duran tanto como las m\u00e1s peque\u00f1as.<\/p>\n<p>Inspecciona peri\u00f3dicamente la c\u00e1mara frigor\u00edfica donde se encuentran las cebollas y desecha las que empiecen a pudrirse.<\/p>\n<p>La temperatura debe de ser la adecuada para que la cebolla no se pudra, pudiendo llegar hasta 1 \u00baC y la humedad debe mantenerse entre el 65 y 75%.<\/p>\n<p>Asimismo hay que tener en cuenta un correcto reparto de aire en el interior de la c\u00e1mara para una mejor homogeneidad.<\/p>\n<p>Los cambios de temperatura de la cebolla deben ser lentos, procurando que tanto el coraz\u00f3n como las capas m\u00e1s externas tengan la misma temperatura. Con los cambios bruscos de temperatura se pueden destruir las c\u00e9lulas del bulbo. Aconsejamos calentar como m\u00e1ximo 2\u00baC al d\u00eda, dependiendo de los distintos factores (temperatura, humedad, etc.)<\/td>\n<\/tr>\n<tr>\n<td width=\"136\">Empaque<\/td>\n<td width=\"528\">Caja Por 20 kilos.<\/td>\n<\/tr>\n<\/tbody>\n<\/table>","protected":false},"excerpt":{"rendered":"<p>Allium cepa, com\u00fanmente conocida como cebolla, es una planta herb\u00e1cea bienal. La cebolla se conoce tambi\u00e9n como <i>cebolla cabezona<\/i>, cebolla de huevo o cebolla de bulbo.\u200b Si bien el nombre m\u00e1s usado en espa\u00f1ol es \u00abcebolla\u00bb<\/p>","protected":false},"featured_media":3457,"comment_status":"open","ping_status":"closed","template":"","meta":{"amp_status":""},"class_list":["post-3454","product","type-product","status-publish","has-post-thumbnail","hentry","product_cat-verduras"],"_links":{"self":[{"href":"https:\/\/morganimportexport.com\/en\/wp-json\/wp\/v2\/product\/3454","targetHints":{"allow":["GET"]}}],"collection":[{"href":"https:\/\/morganimportexport.com\/en\/wp-json\/wp\/v2\/product"}],"about":[{"href":"https:\/\/morganimportexport.com\/en\/wp-json\/wp\/v2\/types\/product"}],"replies":[{"embeddable":true,"href":"https:\/\/morganimportexport.com\/en\/wp-json\/wp\/v2\/comments?post=3454"}],"wp:featuredmedia":[{"embeddable":true,"href":"https:\/\/morganimportexport.com\/en\/wp-json\/wp\/v2\/media\/3457"}],"wp:attachment":[{"href":"https:\/\/morganimportexport.com\/en\/wp-json\/wp\/v2\/media?parent=3454"}],"curies":[{"name":"wp","href":"https:\/\/api.w.org\/{rel}","templated":true}]}}