{"id":3451,"date":"2020-10-07T22:04:45","date_gmt":"2020-10-07T22:04:45","guid":{"rendered":"https:\/\/morganimportexport.com\/?post_type=product&#038;p=3451"},"modified":"2020-10-08T01:44:31","modified_gmt":"2020-10-08T01:44:31","slug":"ajo","status":"publish","type":"product","link":"https:\/\/morganimportexport.com\/en\/product\/ajo\/","title":{"rendered":"AJO"},"content":{"rendered":"<table width=\"680\">\n<tbody>\n<tr>\n<td width=\"128\">Descripci\u00f3n<\/td>\n<td width=\"552\">Allium sativum, el\u00a0ajo, es una especie tradicionalmente clasificada dentro de la familia de las\u00a0lili\u00e1ceas pero que actualmente se ubica en la de las\u00a0amarilid\u00e1ceas, aunque este extremo es muy discutido.<\/p>\n<p>&nbsp;<\/td>\n<\/tr>\n<tr>\n<td width=\"128\">Conservaci\u00f3n<\/td>\n<td width=\"552\">el\u00a0ajo\u00a0admite el\u00a0almacenamiento\u00a0a temperaturas altas, lo que tambi\u00e9n alarga el per\u00edodo de conservaci\u00f3n. Para ello se mantiene la temperatura en torno a 18-19\u00baC, con una humedad relativa del 70%. La distribuci\u00f3n debe hacerse manteniendo la humedad baja y la aireaci\u00f3n fuerte.<\/td>\n<\/tr>\n<tr>\n<td width=\"128\">Empaque<\/td>\n<td width=\"552\">Caja por 10 kilos.<\/td>\n<\/tr>\n<\/tbody>\n<\/table>","protected":false},"excerpt":{"rendered":"<p>&nbsp;<\/p>\n<p>Allium sativum, el\u00a0ajo, es una especie tradicionalmente clasificada dentro de la familia de las\u00a0lili\u00e1ceas pero que actualmente se ubica en la de las\u00a0amarilid\u00e1ceas, aunque este extremo es muy discutido.<\/p>","protected":false},"featured_media":3453,"comment_status":"open","ping_status":"closed","template":"","meta":{"amp_status":""},"class_list":["post-3451","product","type-product","status-publish","has-post-thumbnail","hentry","product_cat-verduras"],"_links":{"self":[{"href":"https:\/\/morganimportexport.com\/en\/wp-json\/wp\/v2\/product\/3451","targetHints":{"allow":["GET"]}}],"collection":[{"href":"https:\/\/morganimportexport.com\/en\/wp-json\/wp\/v2\/product"}],"about":[{"href":"https:\/\/morganimportexport.com\/en\/wp-json\/wp\/v2\/types\/product"}],"replies":[{"embeddable":true,"href":"https:\/\/morganimportexport.com\/en\/wp-json\/wp\/v2\/comments?post=3451"}],"wp:featuredmedia":[{"embeddable":true,"href":"https:\/\/morganimportexport.com\/en\/wp-json\/wp\/v2\/media\/3453"}],"wp:attachment":[{"href":"https:\/\/morganimportexport.com\/en\/wp-json\/wp\/v2\/media?parent=3451"}],"curies":[{"name":"wp","href":"https:\/\/api.w.org\/{rel}","templated":true}]}}