{"id":3448,"date":"2020-10-07T22:04:45","date_gmt":"2020-10-07T22:04:45","guid":{"rendered":"https:\/\/morganimportexport.com\/?post_type=product&#038;p=3448"},"modified":"2020-10-08T01:50:06","modified_gmt":"2020-10-08T01:50:06","slug":"aguacate-hass","status":"publish","type":"product","link":"https:\/\/morganimportexport.com\/en\/product\/aguacate-hass\/","title":{"rendered":"AGUACATE HASS"},"content":{"rendered":"<table width=\"703\">\n<tbody>\n<tr>\n<td width=\"322\">Descripci\u00f3n<\/td>\n<td width=\"381\">El aguacate es un fruto ex\u00f3tico carnoso que se obtiene del \u00e1rbol tropical del mismo nombre. En algunas partes de Am\u00e9rica del Sur se conoce como Palta. Presenta unas dimensiones de 5-6 cm de longitud.<\/p>\n<p>La corteza es gruesa y dura de color verde cuyo tono depende de la variedad. La pulpa es aceitosa de color crema a verde amarillento, con un sabor similar a la nuez. Posee una \u00fanica semilla redondeada de color pardo claro y 2-4 cm.<\/td>\n<\/tr>\n<tr>\n<td width=\"322\">Peso:<\/td>\n<td width=\"381\">\u00a0El peso normal oscila entre 200-400 g, aunque pueden encontrarse piezas de hasta 2 kg de peso.<\/td>\n<\/tr>\n<tr>\n<td width=\"322\">Conservaci\u00f3n<\/td>\n<td width=\"381\">La fruta madura que no ha sido abierta puede almacenarse en el refrigerador por dos o tres d\u00edas.<\/p>\n<p>La fruta no madura, dura o verde puede tardar entre cuatro y cinco d\u00edas en madurar a temperatura ambiente (aproximadamente 65-75\u00b0F; evita la luz del sol directa). La refrigeraci\u00f3n puede desacelerar el proceso de maduraci\u00f3n, as\u00ed que para obtener mejores resultados, almacena la fruta verde a temperatura ambiente, a menos que las condiciones ambiente superen el rango de temperatura recomendado.<\/td>\n<\/tr>\n<tr>\n<td width=\"322\">Empaque<\/td>\n<td width=\"381\">18 a 22 unidades por caja.<\/td>\n<\/tr>\n<\/tbody>\n<\/table>","protected":false},"excerpt":{"rendered":"<p>&nbsp;<\/p>\n<p>El aguacate es un fruto ex\u00f3tico carnoso que se obtiene del \u00e1rbol tropical del mismo nombre. En algunas partes de Am\u00e9rica del Sur se conoce como Palta. Presenta unas dimensiones de 5-6 cm de longitud.<\/p>\n<p>La corteza es gruesa y dura de color verde cuyo tono depende de la variedad. La pulpa es aceitosa de color crema a verde amarillento, con un sabor similar a la nuez. Posee una \u00fanica semilla redondeada de color pardo claro y 2-4 cm.<\/p>","protected":false},"featured_media":3450,"comment_status":"open","ping_status":"closed","template":"","meta":{"amp_status":""},"class_list":["post-3448","product","type-product","status-publish","has-post-thumbnail","hentry","product_cat-frutas"],"_links":{"self":[{"href":"https:\/\/morganimportexport.com\/en\/wp-json\/wp\/v2\/product\/3448","targetHints":{"allow":["GET"]}}],"collection":[{"href":"https:\/\/morganimportexport.com\/en\/wp-json\/wp\/v2\/product"}],"about":[{"href":"https:\/\/morganimportexport.com\/en\/wp-json\/wp\/v2\/types\/product"}],"replies":[{"embeddable":true,"href":"https:\/\/morganimportexport.com\/en\/wp-json\/wp\/v2\/comments?post=3448"}],"wp:featuredmedia":[{"embeddable":true,"href":"https:\/\/morganimportexport.com\/en\/wp-json\/wp\/v2\/media\/3450"}],"wp:attachment":[{"href":"https:\/\/morganimportexport.com\/en\/wp-json\/wp\/v2\/media?parent=3448"}],"curies":[{"name":"wp","href":"https:\/\/api.w.org\/{rel}","templated":true}]}}