{"id":3447,"date":"2020-10-07T22:04:45","date_gmt":"2020-10-07T22:04:45","guid":{"rendered":"https:\/\/morganimportexport.com\/?post_type=product&#038;p=3447"},"modified":"2020-10-08T01:44:19","modified_gmt":"2020-10-08T01:44:19","slug":"aguacate-papelillo","status":"publish","type":"product","link":"https:\/\/morganimportexport.com\/en\/product\/aguacate-papelillo\/","title":{"rendered":"AGUACATE PAPELILLO"},"content":{"rendered":"<table width=\"672\">\n<tbody>\n<tr>\n<td width=\"136\">Descripci\u00f3n<\/td>\n<td width=\"536\">Forma alargada<\/p>\n<p>Color verde claro<\/p>\n<p>C\u00e1scara lisa<\/p>\n<p>Tiempo de maduraci\u00f3n: hasta 5 d\u00edas<\/p>\n<p>Peso promedio: 452 grms<\/p>\n<p>Semilla mediana.<\/td>\n<\/tr>\n<tr>\n<td width=\"136\">Conservaci\u00f3n<\/td>\n<td width=\"536\">La fruta madura que no ha sido abierta puede almacenarse en el refrigerador por dos o tres d\u00edas.<\/p>\n<p>La fruta no madura, dura o verde puede tardar entre cuatro y cinco d\u00edas en madurar a temperatura ambiente (aproximadamente 65-75\u00b0F; evita la luz del sol directa). La refrigeraci\u00f3n puede desacelerar el proceso de maduraci\u00f3n, as\u00ed que para obtener mejores resultados, almacena la fruta verde a temperatura ambiente, a menos que las condiciones ambiente superen el rango de temperatura recomendado.<\/td>\n<\/tr>\n<tr>\n<td width=\"136\">Empaque<\/td>\n<td width=\"536\">18 a 22 unidades por caja.<\/td>\n<\/tr>\n<\/tbody>\n<\/table>","protected":false},"excerpt":{"rendered":"<p>&nbsp;<\/p>\n<p>Forma alargada<\/p>\n<p>Color verde claro<\/p>\n<p>C\u00e1scara lisa<\/p>\n<p>Tiempo de maduraci\u00f3n: hasta 5 d\u00edas<\/p>\n<p>Peso promedio: 452 grms<\/p>\n<p>Semilla mediana.<\/p>","protected":false},"featured_media":3452,"comment_status":"open","ping_status":"closed","template":"","meta":{"amp_status":""},"class_list":["post-3447","product","type-product","status-publish","has-post-thumbnail","hentry","product_cat-frutas"],"_links":{"self":[{"href":"https:\/\/morganimportexport.com\/en\/wp-json\/wp\/v2\/product\/3447","targetHints":{"allow":["GET"]}}],"collection":[{"href":"https:\/\/morganimportexport.com\/en\/wp-json\/wp\/v2\/product"}],"about":[{"href":"https:\/\/morganimportexport.com\/en\/wp-json\/wp\/v2\/types\/product"}],"replies":[{"embeddable":true,"href":"https:\/\/morganimportexport.com\/en\/wp-json\/wp\/v2\/comments?post=3447"}],"wp:featuredmedia":[{"embeddable":true,"href":"https:\/\/morganimportexport.com\/en\/wp-json\/wp\/v2\/media\/3452"}],"wp:attachment":[{"href":"https:\/\/morganimportexport.com\/en\/wp-json\/wp\/v2\/media?parent=3447"}],"curies":[{"name":"wp","href":"https:\/\/api.w.org\/{rel}","templated":true}]}}