{"id":3443,"date":"2020-10-07T21:28:47","date_gmt":"2020-10-07T21:28:47","guid":{"rendered":"https:\/\/morganimportexport.com\/?post_type=product&#038;p=3443"},"modified":"2020-10-08T01:46:11","modified_gmt":"2020-10-08T01:46:11","slug":"zanahoria","status":"publish","type":"product","link":"https:\/\/morganimportexport.com\/en\/product\/zanahoria\/","title":{"rendered":"ZANAHORIA"},"content":{"rendered":"<table width=\"703\">\n<tbody>\n<tr>\n<td width=\"192\">Descripci\u00f3n<\/td>\n<td width=\"511\">Zanahoria con nombre cient\u00edfico Daucus carota subespecie sativus, es una hortaliza que pertenece a la familia de las umbel\u00edferas, tambi\u00e9n denominadas api\u00e1ceas, y considerada la especie m\u00e1s importante y de mayor consumo dentro de esta familia.<\/td>\n<\/tr>\n<tr>\n<td width=\"192\">Conservaci\u00f3n<\/td>\n<td width=\"511\">Las condiciones de almacenaje a largo plazo raramente logran mantener la temperatura \u00f3ptima para prevenir pudriciones, brotaci\u00f3n y\u00a0 deshidrataci\u00f3n.\u00a0 &#8230;\u00a0 A\u00a0 temperaturas de almacenaje de 3-5\u00baC, las zanahorias maduras pueden ser almacenadas con un desarrollo m\u00ednimo de pudriciones por 3-5 meses.<\/td>\n<\/tr>\n<tr>\n<td width=\"192\">Empaque<\/td>\n<td width=\"511\">caja de 30 libras<\/td>\n<\/tr>\n<\/tbody>\n<\/table>","protected":false},"excerpt":{"rendered":"<p>&nbsp;<\/p>\n<p>Zanahoria con nombre cient\u00edfico Daucus carota subespecie sativus, es una hortaliza que pertenece a la familia de las umbel\u00edferas, tambi\u00e9n denominadas api\u00e1ceas, y considerada la especie m\u00e1s importante y de mayor consumo dentro de esta familia.<\/p>","protected":false},"featured_media":3445,"comment_status":"open","ping_status":"closed","template":"","meta":{"amp_status":""},"class_list":["post-3443","product","type-product","status-publish","has-post-thumbnail","hentry","product_cat-verduras"],"_links":{"self":[{"href":"https:\/\/morganimportexport.com\/en\/wp-json\/wp\/v2\/product\/3443","targetHints":{"allow":["GET"]}}],"collection":[{"href":"https:\/\/morganimportexport.com\/en\/wp-json\/wp\/v2\/product"}],"about":[{"href":"https:\/\/morganimportexport.com\/en\/wp-json\/wp\/v2\/types\/product"}],"replies":[{"embeddable":true,"href":"https:\/\/morganimportexport.com\/en\/wp-json\/wp\/v2\/comments?post=3443"}],"wp:featuredmedia":[{"embeddable":true,"href":"https:\/\/morganimportexport.com\/en\/wp-json\/wp\/v2\/media\/3445"}],"wp:attachment":[{"href":"https:\/\/morganimportexport.com\/en\/wp-json\/wp\/v2\/media?parent=3443"}],"curies":[{"name":"wp","href":"https:\/\/api.w.org\/{rel}","templated":true}]}}