{"id":3441,"date":"2020-10-07T21:28:48","date_gmt":"2020-10-07T21:28:48","guid":{"rendered":"https:\/\/morganimportexport.com\/?post_type=product&#038;p=3441"},"modified":"2020-10-08T01:45:51","modified_gmt":"2020-10-08T01:45:51","slug":"remolacha","status":"publish","type":"product","link":"https:\/\/morganimportexport.com\/en\/product\/remolacha\/","title":{"rendered":"REMOLACHA"},"content":{"rendered":"<table width=\"687\">\n<tbody>\n<tr>\n<td width=\"168\">Descripci\u00f3n<\/td>\n<td width=\"519\">La remolacha es la ra\u00edz grande y carnosa que crece en la planta del mismo nombre y que se consume como hortaliza. Su piel superficial es fina y suave y puede ser de varios colores, desde ros\u00e1ceo viol\u00e1ceo y anaranjado rojizo hasta marron\u00e1ceo. La pulpa es de sabor dulce y generalmente es de color rojo oscuro carmes\u00ed con tintes purp\u00fareos.<\/td>\n<\/tr>\n<tr>\n<td width=\"168\">Conservaci\u00f3n<\/td>\n<td width=\"519\">La conservaci\u00f3n de las remolachas presentadas con hojas se ve limitada por la p\u00e9rdida de calidad del follaje, ya que tienden a amarillear. En este caso el almacenamiento se limita a temperaturas bajas unos 7-10 d\u00edas. Las condiciones \u00f3ptimas se logran almacen\u00e1ndolas en el frigor\u00edfico a 0\u00baC y 95% de humedad relativa.<\/td>\n<\/tr>\n<tr>\n<td width=\"168\">Empaque<\/td>\n<td width=\"519\">caja de 30 libras.<\/td>\n<\/tr>\n<\/tbody>\n<\/table>","protected":false},"excerpt":{"rendered":"<p>&nbsp;<\/p>\n<p>La remolacha es la ra\u00edz grande y carnosa que crece en la planta del mismo nombre y que se consume como hortaliza. Su piel superficial es fina y suave y puede ser de varios colores, desde ros\u00e1ceo viol\u00e1ceo y anaranjado rojizo hasta marron\u00e1ceo. La pulpa es de sabor dulce y generalmente es de color rojo oscuro carmes\u00ed con tintes purp\u00fareos.<\/p>","protected":false},"featured_media":3444,"comment_status":"open","ping_status":"closed","template":"","meta":{"amp_status":""},"class_list":["post-3441","product","type-product","status-publish","has-post-thumbnail","hentry","product_cat-verduras"],"_links":{"self":[{"href":"https:\/\/morganimportexport.com\/en\/wp-json\/wp\/v2\/product\/3441","targetHints":{"allow":["GET"]}}],"collection":[{"href":"https:\/\/morganimportexport.com\/en\/wp-json\/wp\/v2\/product"}],"about":[{"href":"https:\/\/morganimportexport.com\/en\/wp-json\/wp\/v2\/types\/product"}],"replies":[{"embeddable":true,"href":"https:\/\/morganimportexport.com\/en\/wp-json\/wp\/v2\/comments?post=3441"}],"wp:featuredmedia":[{"embeddable":true,"href":"https:\/\/morganimportexport.com\/en\/wp-json\/wp\/v2\/media\/3444"}],"wp:attachment":[{"href":"https:\/\/morganimportexport.com\/en\/wp-json\/wp\/v2\/media?parent=3441"}],"curies":[{"name":"wp","href":"https:\/\/api.w.org\/{rel}","templated":true}]}}