{"id":3436,"date":"2020-10-07T21:22:36","date_gmt":"2020-10-07T21:22:36","guid":{"rendered":"https:\/\/morganimportexport.com\/?post_type=product&#038;p=3436"},"modified":"2020-10-08T01:46:12","modified_gmt":"2020-10-08T01:46:12","slug":"champinones","status":"publish","type":"product","link":"https:\/\/morganimportexport.com\/en\/product\/champinones\/","title":{"rendered":"CHAMPI\u00d1ONES"},"content":{"rendered":"<table width=\"688\">\n<tbody>\n<tr>\n<td width=\"112\">Descripci\u00f3n<\/td>\n<td width=\"576\">El champi\u00f1\u00f3n com\u00fan, champi\u00f1\u00f3n de Par\u00eds \u2014cuyo nombre cient\u00edfico es Agaricus bisporus\u2014\u200bes una especie de hongo basidiomiceto de la familia Agaricales nativo de Europa y Am\u00e9rica del norte, cultivado extensamente para su uso en gastronom\u00eda. Es la especie de hongo comestible m\u00e1s com\u00fanmente usada para la cocina.<\/td>\n<\/tr>\n<tr>\n<td width=\"112\">Conservaci\u00f3n<\/td>\n<td width=\"576\">Los champi\u00f1ones pueden conservarse hasta 21 d\u00edas si se almacenan a presiones atmosf\u00e9ricas menores que las normales. Esto puede conseguirse a una presi\u00f3n entre 10 y 15mm de mercurio, con una temperatura de 0\u00baC y humedad relativa del 95%, aunque esta pr\u00e1ctica no se lleva a cabo en realidad.<\/td>\n<\/tr>\n<tr>\n<td width=\"112\">Empaque<\/td>\n<td width=\"576\">Caja de 5 kilos.<\/td>\n<\/tr>\n<\/tbody>\n<\/table>","protected":false},"excerpt":{"rendered":"<p>&nbsp;<\/p>\n<p>El champi\u00f1\u00f3n com\u00fan, champi\u00f1\u00f3n de Par\u00eds \u2014cuyo nombre cient\u00edfico es Agaricus bisporus\u2014\u200bes una especie de hongo basidiomiceto de la familia Agaricales nativo de Europa y Am\u00e9rica del norte, cultivado extensamente para su uso en gastronom\u00eda. Es la especie de hongo comestible m\u00e1s com\u00fanmente usada para la cocina.<\/p>","protected":false},"featured_media":3439,"comment_status":"open","ping_status":"closed","template":"","meta":{"amp_status":""},"class_list":["post-3436","product","type-product","status-publish","has-post-thumbnail","hentry","product_cat-verduras"],"_links":{"self":[{"href":"https:\/\/morganimportexport.com\/en\/wp-json\/wp\/v2\/product\/3436","targetHints":{"allow":["GET"]}}],"collection":[{"href":"https:\/\/morganimportexport.com\/en\/wp-json\/wp\/v2\/product"}],"about":[{"href":"https:\/\/morganimportexport.com\/en\/wp-json\/wp\/v2\/types\/product"}],"replies":[{"embeddable":true,"href":"https:\/\/morganimportexport.com\/en\/wp-json\/wp\/v2\/comments?post=3436"}],"wp:featuredmedia":[{"embeddable":true,"href":"https:\/\/morganimportexport.com\/en\/wp-json\/wp\/v2\/media\/3439"}],"wp:attachment":[{"href":"https:\/\/morganimportexport.com\/en\/wp-json\/wp\/v2\/media?parent=3436"}],"curies":[{"name":"wp","href":"https:\/\/api.w.org\/{rel}","templated":true}]}}