{"id":3435,"date":"2020-10-07T21:22:36","date_gmt":"2020-10-07T21:22:36","guid":{"rendered":"https:\/\/morganimportexport.com\/?post_type=product&#038;p=3435"},"modified":"2020-10-08T01:46:32","modified_gmt":"2020-10-08T01:46:32","slug":"papa-r-12","status":"publish","type":"product","link":"https:\/\/morganimportexport.com\/en\/product\/papa-r-12\/","title":{"rendered":"PAPA R-12"},"content":{"rendered":"<table width=\"513\">\n<tbody>\n<tr>\n<td width=\"135\"><b>Descripci\u00f3n<\/b><\/td>\n<td width=\"379\"><b>La\u00a0papa o patata es un\u00a0<\/b><b>tub\u00e9rculo<\/b><b> comestible<\/b><b><a href=\"https:\/\/www.tuberculos.org\/\">\u00a0<\/a><\/b> <b>nativo de las regiones monta\u00f1osas de los Andes, en Am\u00e9rica del Sur, donde la planta (<\/b><b><i>Solanum tuberosum<\/i><\/b><b>) ha sido cultivada por m\u00e1s de 10.000 a\u00f1os, desde la \u00e9poca del imperio Inca. En la actualidad, la papa es un alimento b\u00e1sico a nivel internacional, ocupando nada m\u00e1s y nada menos que la posici\u00f3n de\u00a0cuarto cultivo alimentario m\u00e1s distribuido del mundo, despu\u00e9s del ma\u00edz, el trigo y el arroz.<\/b><\/p>\n<p><b>La\u00a0R12\u00a0tiene caracter\u00edsticas que hacen que a la hora de fritarla quede m\u00e1s dorada y crocante y absorbe menos aceites. Hacerla al horno tambi\u00e9n es una buena opci\u00f3n, pues no se secar\u00e1 y su textura ser\u00e1 m\u00e1s que perfecta.<\/b><\/td>\n<\/tr>\n<tr>\n<td width=\"135\"><b>Almacenamiento<\/b><\/td>\n<td width=\"379\"><b>Consiste en mantener constantemente las papas: a la temperatura que sea m\u00e1s conveniente al uso final de las patatas; a humedad relativa del 90%; chequear el nivel de CO2 en forma regular; y en total oscuridad.<\/b><\/td>\n<\/tr>\n<tr>\n<td width=\"135\"><b>Empaque<\/b><\/td>\n<td width=\"379\"><b>Caja de 25 kilos<\/b><\/td>\n<\/tr>\n<\/tbody>\n<\/table>","protected":false},"excerpt":{"rendered":"<p><b>La\u00a0papa o patata es un\u00a0<\/b><b>tub\u00e9rculo<\/b><b> comestible<\/b><b><a href=\"https:\/\/www.tuberculos.org\/\">\u00a0<\/a><\/b> <b>nativo de las regiones monta\u00f1osas de los Andes, en Am\u00e9rica del Sur, donde la planta (<\/b><b><i>Solanum tuberosum<\/i><\/b><b>) ha sido cultivada por m\u00e1s de 10.000 a\u00f1os, desde la \u00e9poca del imperio Inca. En la actualidad, la papa es un alimento b\u00e1sico a nivel internacional, ocupando nada m\u00e1s y nada menos que la posici\u00f3n de\u00a0cuarto cultivo alimentario m\u00e1s distribuido del mundo, despu\u00e9s del ma\u00edz, el trigo y el arroz.<\/b><\/p>","protected":false},"featured_media":3438,"comment_status":"open","ping_status":"closed","template":"","meta":{"amp_status":""},"class_list":["post-3435","product","type-product","status-publish","has-post-thumbnail","hentry","product_cat-frutas"],"_links":{"self":[{"href":"https:\/\/morganimportexport.com\/en\/wp-json\/wp\/v2\/product\/3435","targetHints":{"allow":["GET"]}}],"collection":[{"href":"https:\/\/morganimportexport.com\/en\/wp-json\/wp\/v2\/product"}],"about":[{"href":"https:\/\/morganimportexport.com\/en\/wp-json\/wp\/v2\/types\/product"}],"replies":[{"embeddable":true,"href":"https:\/\/morganimportexport.com\/en\/wp-json\/wp\/v2\/comments?post=3435"}],"wp:featuredmedia":[{"embeddable":true,"href":"https:\/\/morganimportexport.com\/en\/wp-json\/wp\/v2\/media\/3438"}],"wp:attachment":[{"href":"https:\/\/morganimportexport.com\/en\/wp-json\/wp\/v2\/media?parent=3435"}],"curies":[{"name":"wp","href":"https:\/\/api.w.org\/{rel}","templated":true}]}}