{"id":3432,"date":"2020-10-07T21:17:41","date_gmt":"2020-10-07T21:17:41","guid":{"rendered":"https:\/\/morganimportexport.com\/?post_type=product&#038;p=3432"},"modified":"2020-10-08T01:46:42","modified_gmt":"2020-10-08T01:46:42","slug":"arveja-verde-o-guisante","status":"publish","type":"product","link":"https:\/\/morganimportexport.com\/en\/product\/arveja-verde-o-guisante\/","title":{"rendered":"ARVEJA VERDE O GUISANTE"},"content":{"rendered":"<table width=\"680\">\n<tbody>\n<tr>\n<td width=\"112\">Descripci\u00f3n<\/td>\n<td width=\"568\">La arveja verde es una de las hortalizas que mayor cantidad de carbohidratos y prote\u00ednas entrega por unidad de peso, destac\u00e1ndose como fuente importante de sacarosa y amino\u00e1cidos, incluyendo lisina. Adem\u00e1s, como se observa en el Cuadro a continuaci\u00f3n, es un alimento de contenidos significativos de minerales (P y Fe) y de vitaminas, especialmente B1.<\/p>\n<p>&nbsp;<\/td>\n<\/tr>\n<tr>\n<td width=\"112\">Conservaci\u00f3n:<\/td>\n<td width=\"568\">Por tratarse de un producto alta-mente perecedero, la arveja en condiciones ambientales no supera ocho d\u00edas de vida \u00fatil; por el contra-rio, cuando es almacenada a temperaturas cercanas a los 0 \u00b0C su vida \u00fatil puede llegar a los 15 o 20 d\u00edas. Cabe indicar que al almacenar arveja a temperaturas de -0,6 \u00b0C, por lo general se presentan da\u00f1os que afectan la calidad del producto<\/td>\n<\/tr>\n<tr>\n<td width=\"112\">Empaque<\/td>\n<td width=\"568\">Para arveja en vaina caja por 20 libras<\/p>\n<p>Para arveja desgranado bolsa por 2, 4, 6 kilos y caja por 12 kilos.<\/td>\n<\/tr>\n<\/tbody>\n<\/table>","protected":false},"excerpt":{"rendered":"<p>&nbsp;<\/p>\n<p>La arveja verde es una de las hortalizas que mayor cantidad de carbohidratos y prote\u00ednas entrega por unidad de peso, destac\u00e1ndose como fuente importante de sacarosa y amino\u00e1cidos, incluyendo lisina. Adem\u00e1s, como se observa en el Cuadro a continuaci\u00f3n, es un alimento de contenidos significativos de minerales (P y Fe) y de vitaminas, especialmente B1.<\/p>","protected":false},"featured_media":3434,"comment_status":"open","ping_status":"closed","template":"","meta":{"amp_status":""},"class_list":["post-3432","product","type-product","status-publish","has-post-thumbnail","hentry","product_cat-verduras"],"_links":{"self":[{"href":"https:\/\/morganimportexport.com\/en\/wp-json\/wp\/v2\/product\/3432","targetHints":{"allow":["GET"]}}],"collection":[{"href":"https:\/\/morganimportexport.com\/en\/wp-json\/wp\/v2\/product"}],"about":[{"href":"https:\/\/morganimportexport.com\/en\/wp-json\/wp\/v2\/types\/product"}],"replies":[{"embeddable":true,"href":"https:\/\/morganimportexport.com\/en\/wp-json\/wp\/v2\/comments?post=3432"}],"wp:featuredmedia":[{"embeddable":true,"href":"https:\/\/morganimportexport.com\/en\/wp-json\/wp\/v2\/media\/3434"}],"wp:attachment":[{"href":"https:\/\/morganimportexport.com\/en\/wp-json\/wp\/v2\/media?parent=3432"}],"curies":[{"name":"wp","href":"https:\/\/api.w.org\/{rel}","templated":true}]}}