{"id":3428,"date":"2020-10-07T21:15:55","date_gmt":"2020-10-07T21:15:55","guid":{"rendered":"https:\/\/morganimportexport.com\/?post_type=product&#038;p=3428"},"modified":"2020-10-07T21:15:55","modified_gmt":"2020-10-07T21:15:55","slug":"mango-criollo","status":"publish","type":"product","link":"https:\/\/morganimportexport.com\/en\/product\/mango-criollo\/","title":{"rendered":"MANGO CRIOLLO"},"content":{"rendered":"<table width=\"634\">\n<tbody>\n<tr>\n<td width=\"184\">Descripci\u00f3n<\/td>\n<td width=\"450\">En Colombia una de las variedades de mango criollo es el mango de az\u00facar <i>(Manguifera indica)<\/i>. Es una de las frutas tropicales m\u00e1s importantes del mundo. El mango de az\u00facar presenta una alta demanda como fruta fresca en el exterior por su tama\u00f1o peque\u00f1o, escasa fibra, buen aroma y sabor.<\/td>\n<\/tr>\n<tr>\n<td width=\"184\">Conservaci\u00f3n<\/td>\n<td width=\"450\">12 d\u00edas almacenados, en refrigeraci\u00f3n a 11\u00b11\u00b0C y 80\u00b15% de HR.<\/td>\n<\/tr>\n<tr>\n<td width=\"184\">Empaque<\/td>\n<td width=\"450\">\u00a0Caja de 70 a 80 unidades.<\/td>\n<\/tr>\n<\/tbody>\n<\/table>","protected":false},"excerpt":{"rendered":"<p>&nbsp;<\/p>\n<p>En Colombia una de las variedades de mango criollo es el mango de az\u00facar <i>(Manguifera indica)<\/i>. Es una de las frutas tropicales m\u00e1s importantes del mundo. El mango de az\u00facar presenta una alta demanda como fruta fresca en el exterior por su tama\u00f1o peque\u00f1o, escasa fibra, buen aroma y sabor.<\/p>","protected":false},"featured_media":0,"comment_status":"open","ping_status":"closed","template":"","meta":{"amp_status":""},"class_list":["post-3428","product","type-product","status-publish","hentry","product_cat-frutas"],"_links":{"self":[{"href":"https:\/\/morganimportexport.com\/en\/wp-json\/wp\/v2\/product\/3428","targetHints":{"allow":["GET"]}}],"collection":[{"href":"https:\/\/morganimportexport.com\/en\/wp-json\/wp\/v2\/product"}],"about":[{"href":"https:\/\/morganimportexport.com\/en\/wp-json\/wp\/v2\/types\/product"}],"replies":[{"embeddable":true,"href":"https:\/\/morganimportexport.com\/en\/wp-json\/wp\/v2\/comments?post=3428"}],"wp:attachment":[{"href":"https:\/\/morganimportexport.com\/en\/wp-json\/wp\/v2\/media?parent=3428"}],"curies":[{"name":"wp","href":"https:\/\/api.w.org\/{rel}","templated":true}]}}