{"id":3424,"date":"2020-10-07T21:15:42","date_gmt":"2020-10-07T21:15:42","guid":{"rendered":"https:\/\/morganimportexport.com\/?post_type=product&#038;p=3424"},"modified":"2020-10-08T16:34:15","modified_gmt":"2020-10-08T16:34:15","slug":"mango-tommy","status":"publish","type":"product","link":"https:\/\/morganimportexport.com\/en\/product\/mango-tommy\/","title":{"rendered":"MANGO TOMMY"},"content":{"rendered":"<table width=\"672\">\n<tbody>\n<tr>\n<td width=\"141\">Descripci\u00f3n<\/td>\n<td width=\"531\">Tommy Atkins produce un fruto con forma oblongo-ovalada, la piel es de color naranja a rojo intenso. Su peso medio es de 500 a 550 gr. La presencia de fibra en la pulpa es media-alta con mala respuesta al consumo con cuchara. El tama\u00f1o de la semilla es peque\u00f1o. La calidad de este fruto es mediocre. El \u00e1rbol tommy atkins presenta una copa redonda con gran porte y vigor.<\/td>\n<\/tr>\n<tr>\n<td width=\"141\">Conservaci\u00f3n<\/td>\n<td width=\"531\">12 d\u00edas almacenados, en refrigeraci\u00f3n a 11\u00b11\u00b0C y 80\u00b15% de HR. Empaque<\/td>\n<\/tr>\n<tr>\n<td width=\"141\">Empaque<\/td>\n<td width=\"531\">caja de 40 a 50 libras<\/td>\n<\/tr>\n<\/tbody>\n<\/table>","protected":false},"excerpt":{"rendered":"<p>&nbsp;<\/p>\n<p>Tommy Atkins produce un fruto con forma oblongo-ovalada, la piel es de color naranja a rojo intenso. Su peso medio es de 500 a 550 gr. La presencia de fibra en la pulpa es media-alta con mala respuesta al consumo con cuchara. El tama\u00f1o de la semilla es peque\u00f1o. La calidad de este fruto es mediocre. El \u00e1rbol tommy atkins presenta una copa redonda con gran porte y vigor.<\/p>","protected":false},"featured_media":3429,"comment_status":"open","ping_status":"closed","template":"","meta":{"amp_status":""},"class_list":["post-3424","product","type-product","status-publish","has-post-thumbnail","hentry","product_cat-frutas"],"_links":{"self":[{"href":"https:\/\/morganimportexport.com\/en\/wp-json\/wp\/v2\/product\/3424","targetHints":{"allow":["GET"]}}],"collection":[{"href":"https:\/\/morganimportexport.com\/en\/wp-json\/wp\/v2\/product"}],"about":[{"href":"https:\/\/morganimportexport.com\/en\/wp-json\/wp\/v2\/types\/product"}],"replies":[{"embeddable":true,"href":"https:\/\/morganimportexport.com\/en\/wp-json\/wp\/v2\/comments?post=3424"}],"wp:featuredmedia":[{"embeddable":true,"href":"https:\/\/morganimportexport.com\/en\/wp-json\/wp\/v2\/media\/3429"}],"wp:attachment":[{"href":"https:\/\/morganimportexport.com\/en\/wp-json\/wp\/v2\/media?parent=3424"}],"curies":[{"name":"wp","href":"https:\/\/api.w.org\/{rel}","templated":true}]}}