{"id":3422,"date":"2020-10-07T21:15:55","date_gmt":"2020-10-07T21:15:55","guid":{"rendered":"https:\/\/morganimportexport.com\/?post_type=product&#038;p=3422"},"modified":"2020-10-08T01:48:04","modified_gmt":"2020-10-08T01:48:04","slug":"mandarina","status":"publish","type":"product","link":"https:\/\/morganimportexport.com\/en\/product\/mandarina\/","title":{"rendered":"MANDARINA"},"content":{"rendered":"<table width=\"517\">\n<tbody>\n<tr>\n<td width=\"139\"><b>Descripci\u00f3n<\/b><\/td>\n<td width=\"379\"><b>La mandarina es el fruto\u00a0 de las diferentes especies de c\u00edtricos llamados com\u00fanmente mandarino, entre ellas Citrus reticulata, Citrus unshiu, Citrus reshni, as\u00ed como sus h\u00edbridos, incluyendo Citrus \u00d7 tangerina, cuya taxonom\u00eda est\u00e1 discutida<\/b><\/td>\n<\/tr>\n<tr>\n<td width=\"139\"><b>Almacenamiento<\/b><\/td>\n<td width=\"379\"><b>Temperatura \u00f3ptima: 5 \u2013 8 \u00b0C y Humedad\u00a0 relativa \u00f3ptima: 90-95% durante 2 a 6 semanas, dependiendo del cultivar, estado\u00a0 de\u00a0 madurez\u00a0 en\u00a0 la cosecha, y\u00a0 del uso de tratamientos para el control de pudriciones.<\/b><\/td>\n<\/tr>\n<tr>\n<td width=\"139\"><b>Empaque<\/b><\/td>\n<td width=\"379\"><b>Caja de 12 kilos<\/b><\/td>\n<\/tr>\n<\/tbody>\n<\/table>","protected":false},"excerpt":{"rendered":"<p><b>La mandarina es el fruto\u00a0 de las diferentes especies de c\u00edtricos llamados com\u00fanmente mandarino, entre ellas Citrus reticulata, Citrus unshiu, Citrus reshni, as\u00ed como sus h\u00edbridos, incluyendo Citrus \u00d7 tangerina, cuya taxonom\u00eda est\u00e1 discutida<\/b><\/p>","protected":false},"featured_media":3427,"comment_status":"open","ping_status":"closed","template":"","meta":{"amp_status":""},"class_list":["post-3422","product","type-product","status-publish","has-post-thumbnail","hentry","product_cat-frutas"],"_links":{"self":[{"href":"https:\/\/morganimportexport.com\/en\/wp-json\/wp\/v2\/product\/3422","targetHints":{"allow":["GET"]}}],"collection":[{"href":"https:\/\/morganimportexport.com\/en\/wp-json\/wp\/v2\/product"}],"about":[{"href":"https:\/\/morganimportexport.com\/en\/wp-json\/wp\/v2\/types\/product"}],"replies":[{"embeddable":true,"href":"https:\/\/morganimportexport.com\/en\/wp-json\/wp\/v2\/comments?post=3422"}],"wp:featuredmedia":[{"embeddable":true,"href":"https:\/\/morganimportexport.com\/en\/wp-json\/wp\/v2\/media\/3427"}],"wp:attachment":[{"href":"https:\/\/morganimportexport.com\/en\/wp-json\/wp\/v2\/media?parent=3422"}],"curies":[{"name":"wp","href":"https:\/\/api.w.org\/{rel}","templated":true}]}}