{"id":3421,"date":"2020-10-07T21:11:13","date_gmt":"2020-10-07T21:11:13","guid":{"rendered":"https:\/\/morganimportexport.com\/?post_type=product&#038;p=3421"},"modified":"2020-10-08T16:35:58","modified_gmt":"2020-10-08T16:35:58","slug":"naranja-valencia","status":"publish","type":"product","link":"https:\/\/morganimportexport.com\/en\/product\/naranja-valencia\/","title":{"rendered":"NARANJA VALENCIA"},"content":{"rendered":"<table width=\"679\">\n<tbody>\n<tr>\n<td width=\"112\">Descripci\u00f3n<\/td>\n<td width=\"567\">Las naranjas valencia se caracterizan por tener un tama\u00f1o menor, la piel fina y lisa y un color m\u00e1s p\u00e1lido que las Navel-lane-late. Son naranjas de calibre peque\u00f1o, por lo que las naranjas de mesa nunca llegan a ser tan grandes como las de otras variedades.<\/p>\n<p>Las naranjas valencia tienen un alto contenido en zumo, un aroma excelente y un sabor ligeramente \u00e1cido, lo que la convierte en la variedad ideal para aquellos a los que les gustan los sabores c\u00edtricos.<\/p>\n<p>Adem\u00e1s de ese toque \u00e1cido, contienen niveles muy altos de az\u00facar, por lo que su sabor es muy apreciado para preparar zumos: \u00e1cido y dulce a la vez.<\/p>\n<p>La pulpa de estas naranjas es fuerte y compacta, y suele presentar de 4 a 6 semillas por pieza.<\/td>\n<\/tr>\n<tr>\n<td width=\"112\">Conservaci\u00f3n<\/td>\n<td width=\"567\">El principal enemigo de las naranjas es la humedad. Por eso nunca las recogemos a primera hora de la ma\u00f1ana, cuando a\u00fan est\u00e1n h\u00famedas, pues al meterlas en la caja con humedad, se pondr\u00edan malas en pocos d\u00edas. En condiciones normales, las <b>naranjas <\/b>pueden aguantar de media de 15 a 30 d\u00edas.<\/td>\n<\/tr>\n<tr>\n<td width=\"112\">Empaque<\/td>\n<td width=\"567\">Caja de 80 a 100 unidades.<\/td>\n<\/tr>\n<\/tbody>\n<\/table>","protected":false},"excerpt":{"rendered":"<p>Las naranjas valencia tienen un alto contenido en zumo, un aroma excelente y un sabor ligeramente \u00e1cido, lo que la convierte en la variedad ideal para aquellos a los que les gustan los sabores c\u00edtricos.<\/p>","protected":false},"featured_media":3425,"comment_status":"open","ping_status":"closed","template":"","meta":{"amp_status":""},"class_list":["post-3421","product","type-product","status-publish","has-post-thumbnail","hentry","product_cat-frutas"],"_links":{"self":[{"href":"https:\/\/morganimportexport.com\/en\/wp-json\/wp\/v2\/product\/3421","targetHints":{"allow":["GET"]}}],"collection":[{"href":"https:\/\/morganimportexport.com\/en\/wp-json\/wp\/v2\/product"}],"about":[{"href":"https:\/\/morganimportexport.com\/en\/wp-json\/wp\/v2\/types\/product"}],"replies":[{"embeddable":true,"href":"https:\/\/morganimportexport.com\/en\/wp-json\/wp\/v2\/comments?post=3421"}],"wp:featuredmedia":[{"embeddable":true,"href":"https:\/\/morganimportexport.com\/en\/wp-json\/wp\/v2\/media\/3425"}],"wp:attachment":[{"href":"https:\/\/morganimportexport.com\/en\/wp-json\/wp\/v2\/media?parent=3421"}],"curies":[{"name":"wp","href":"https:\/\/api.w.org\/{rel}","templated":true}]}}