{"id":3420,"date":"2020-10-07T21:08:16","date_gmt":"2020-10-07T21:08:16","guid":{"rendered":"https:\/\/morganimportexport.com\/?post_type=product&#038;p=3420"},"modified":"2020-10-08T16:36:11","modified_gmt":"2020-10-08T16:36:11","slug":"naranja-agria","status":"publish","type":"product","link":"https:\/\/morganimportexport.com\/en\/product\/naranja-agria\/","title":{"rendered":"NARANJA AGRIA"},"content":{"rendered":"<table width=\"679\">\n<tbody>\n<tr>\n<td width=\"136\">Descripci\u00f3n<\/td>\n<td width=\"543\">Naranja agria (Citrus aurantium L).<\/p>\n<p>Especie de usos m\u00faltiples, es tambi\u00e9n conocida en Ingl\u00e9s como sour orange o Seville orange. En las zonas de habla hispana puede ser llamada naranja \u00e1cida, naranja agria o naranja amarga.<\/p>\n<p>El fruto es redindor, oblato o oblongo \u2013 oval de 7 \u2013 8 cent\u00edmetros de di\u00e1metro, con superficie rugosa, con una piel bastante gruesa, arom\u00e1tica y amarga que se convierte a color naranja \u2013 rojizo brillante en la madurez y con menudas gl\u00e1ndulas de aceite bajo relieve.<\/td>\n<\/tr>\n<tr>\n<td width=\"136\">Conservaci\u00f3n<\/td>\n<td width=\"543\">El principal enemigo de las naranjas es la humedad. Por eso nunca las recogemos a primera hora de la ma\u00f1ana, cuando a\u00fan est\u00e1n h\u00famedas, pues al meterlas en la caja con humedad, se pondr\u00edan malas en pocos d\u00edas. En condiciones normales, las <b>naranjas <\/b>pueden aguantar de media de 15 a 30 d\u00edas.<\/td>\n<\/tr>\n<tr>\n<td width=\"136\">Empaque<\/td>\n<td width=\"543\">Caja de 70 a 80 unidades.<\/td>\n<\/tr>\n<\/tbody>\n<\/table>","protected":false},"excerpt":{"rendered":"<p>Especie de usos m\u00faltiples, es tambi\u00e9n conocida en Ingl\u00e9s como sour orange o Seville orange. En las zonas de habla hispana puede ser llamada naranja \u00e1cida, naranja agria o naranja amarga.<\/p>","protected":false},"featured_media":3423,"comment_status":"open","ping_status":"closed","template":"","meta":{"amp_status":""},"class_list":["post-3420","product","type-product","status-publish","has-post-thumbnail","hentry","product_cat-frutas"],"_links":{"self":[{"href":"https:\/\/morganimportexport.com\/en\/wp-json\/wp\/v2\/product\/3420","targetHints":{"allow":["GET"]}}],"collection":[{"href":"https:\/\/morganimportexport.com\/en\/wp-json\/wp\/v2\/product"}],"about":[{"href":"https:\/\/morganimportexport.com\/en\/wp-json\/wp\/v2\/types\/product"}],"replies":[{"embeddable":true,"href":"https:\/\/morganimportexport.com\/en\/wp-json\/wp\/v2\/comments?post=3420"}],"wp:featuredmedia":[{"embeddable":true,"href":"https:\/\/morganimportexport.com\/en\/wp-json\/wp\/v2\/media\/3423"}],"wp:attachment":[{"href":"https:\/\/morganimportexport.com\/en\/wp-json\/wp\/v2\/media?parent=3420"}],"curies":[{"name":"wp","href":"https:\/\/api.w.org\/{rel}","templated":true}]}}