{"id":3417,"date":"2020-10-07T21:05:32","date_gmt":"2020-10-07T21:05:32","guid":{"rendered":"https:\/\/morganimportexport.com\/?post_type=product&#038;p=3417"},"modified":"2020-10-08T16:36:18","modified_gmt":"2020-10-08T16:36:18","slug":"limon-persa-o-limon-tahiti","status":"publish","type":"product","link":"https:\/\/morganimportexport.com\/en\/product\/limon-persa-o-limon-tahiti\/","title":{"rendered":"LIMON PERSA O LIMON TAHITI"},"content":{"rendered":"<table width=\"663\">\n<tbody>\n<tr>\n<td width=\"244\">Descripci\u00f3n<\/td>\n<td width=\"419\">El lim\u00f3n persa o lim\u00f3n Tahit\u00ed es una fruta de color verde natural, clasificada como producto \u00e1cido que tiene las siguientes caracter\u00edsticas: Limones enteros, firmes, consistentes al tacto con la forma y color caracter\u00edsticos de la variedad. Homog\u00e9neos en variedad y tama\u00f1o (1 de 45 a m\u00e1s gramos y tama\u00f1o 2 de 35 grs. a mas), limpios libres de cualquier olor, sabor, humedad o material extra\u00f1o. Libres de da\u00f1os, enfermedades, magulladuras, cortes, cicatrices, insectos o cualquier da\u00f1o ocasionado por \u00e9stos.<\/td>\n<\/tr>\n<tr>\n<td width=\"244\">Conservaci\u00f3n:<\/td>\n<td width=\"419\">A una Temperatura de 10 &#8211; 13 \u00b0C y una humedad relativa de 90 &#8211; 95% 3. La vida de tr\u00e1nsito y almacenamiento del fruto es de 6 a 8 semanas<\/td>\n<\/tr>\n<tr>\n<td width=\"244\">Empaque:<\/td>\n<td width=\"419\">Saco por 40 libras<\/td>\n<\/tr>\n<\/tbody>\n<\/table>","protected":false},"excerpt":{"rendered":"<p>El lim\u00f3n persa o lim\u00f3n Tahit\u00ed es una fruta de color verde natural, clasificada como producto \u00e1cido que tiene las siguientes caracter\u00edsticas: Limones enteros, firmes, consistentes al tacto con la forma y color caracter\u00edsticos de la variedad. Homog\u00e9neos en variedad y tama\u00f1o (1 de 45 a m\u00e1s gramos y tama\u00f1o 2 de 35 grs. a mas).<\/p>","protected":false},"featured_media":3419,"comment_status":"open","ping_status":"closed","template":"","meta":{"amp_status":""},"class_list":["post-3417","product","type-product","status-publish","has-post-thumbnail","hentry","product_cat-frutas"],"_links":{"self":[{"href":"https:\/\/morganimportexport.com\/en\/wp-json\/wp\/v2\/product\/3417","targetHints":{"allow":["GET"]}}],"collection":[{"href":"https:\/\/morganimportexport.com\/en\/wp-json\/wp\/v2\/product"}],"about":[{"href":"https:\/\/morganimportexport.com\/en\/wp-json\/wp\/v2\/types\/product"}],"replies":[{"embeddable":true,"href":"https:\/\/morganimportexport.com\/en\/wp-json\/wp\/v2\/comments?post=3417"}],"wp:featuredmedia":[{"embeddable":true,"href":"https:\/\/morganimportexport.com\/en\/wp-json\/wp\/v2\/media\/3419"}],"wp:attachment":[{"href":"https:\/\/morganimportexport.com\/en\/wp-json\/wp\/v2\/media?parent=3417"}],"curies":[{"name":"wp","href":"https:\/\/api.w.org\/{rel}","templated":true}]}}