{"id":3415,"date":"2020-10-07T21:03:45","date_gmt":"2020-10-07T21:03:45","guid":{"rendered":"https:\/\/morganimportexport.com\/?post_type=product&#038;p=3415"},"modified":"2020-10-08T16:36:24","modified_gmt":"2020-10-08T16:36:24","slug":"fresa","status":"publish","type":"product","link":"https:\/\/morganimportexport.com\/en\/product\/fresa\/","title":{"rendered":"FRESA"},"content":{"rendered":"<table width=\"656\">\n<tbody>\n<tr>\n<td width=\"136\">Descripci\u00f3n<\/td>\n<td width=\"520\">La fresa es un fruto de color rojo brillante, suculento y fragante que se obtiene de la planta que recibe su mismo nombre. En Occidente es considerada la \u00abreina de las frutas\u00bb. Adem\u00e1s de poderse comer cruda se puede consumir como compota, mermelada,&#8230; Es empleada con fines medicinales ya que posee excelentes propiedades que ayudan a preservar la salud.<\/p>\n<p>Fragaria, es un g\u00e9nero de plantas rastreras estolon\u00edferas de la familia Rosaceae.\u200b Son cultivadas por su fruto comestible llamado de la misma manera, fresa o frutilla.<\/td>\n<\/tr>\n<tr>\n<td width=\"136\">Almacenamiento<\/td>\n<td width=\"520\">Se deben conservar en el refrigerador o en su defecto, en un lugar fresco, oscuro y ventilado. Es conveniente lavarlas antes de su consumo para eliminar tierra o sustancias nocivas. La aptitud de las fresas a la conservaci\u00f3n es escasa y dif\u00edcilmente se pueden almacenar m\u00e1s de 5 \u00f3 7 d\u00edas. Para lograr una conservaci\u00f3n m\u00e1xima la temperatura, tanto de conservaci\u00f3n como de transporte, se debe mantener a 0\u00baC y la humedad relativa entre el 90-95% \u00f3 incluso superior.<\/td>\n<\/tr>\n<tr>\n<td width=\"136\">Empaque<\/td>\n<td width=\"520\">Caja de 12 kilos<\/td>\n<\/tr>\n<\/tbody>\n<\/table>","protected":false},"excerpt":{"rendered":"<p>La fresa es un fruto de color rojo brillante, suculento y fragante que se obtiene de la planta que recibe su mismo nombre. En Occidente es considerada la \u00abreina de las frutas\u00bb. Adem\u00e1s de poderse comer cruda se puede consumir como compota, mermelada,&#8230; Es empleada con fines medicinales ya que posee excelentes propiedades que ayudan a preservar la salud.<\/p>","protected":false},"featured_media":3418,"comment_status":"open","ping_status":"closed","template":"","meta":{"amp_status":""},"class_list":["post-3415","product","type-product","status-publish","has-post-thumbnail","hentry","product_cat-frutas"],"_links":{"self":[{"href":"https:\/\/morganimportexport.com\/en\/wp-json\/wp\/v2\/product\/3415","targetHints":{"allow":["GET"]}}],"collection":[{"href":"https:\/\/morganimportexport.com\/en\/wp-json\/wp\/v2\/product"}],"about":[{"href":"https:\/\/morganimportexport.com\/en\/wp-json\/wp\/v2\/types\/product"}],"replies":[{"embeddable":true,"href":"https:\/\/morganimportexport.com\/en\/wp-json\/wp\/v2\/comments?post=3415"}],"wp:featuredmedia":[{"embeddable":true,"href":"https:\/\/morganimportexport.com\/en\/wp-json\/wp\/v2\/media\/3418"}],"wp:attachment":[{"href":"https:\/\/morganimportexport.com\/en\/wp-json\/wp\/v2\/media?parent=3415"}],"curies":[{"name":"wp","href":"https:\/\/api.w.org\/{rel}","templated":true}]}}