{"id":3408,"date":"2020-10-07T20:57:51","date_gmt":"2020-10-07T20:57:51","guid":{"rendered":"https:\/\/morganimportexport.com\/?post_type=product&#038;p=3408"},"modified":"2020-10-08T16:36:52","modified_gmt":"2020-10-08T16:36:52","slug":"manzanas","status":"publish","type":"product","link":"https:\/\/morganimportexport.com\/en\/product\/manzanas\/","title":{"rendered":"MANZANAS"},"content":{"rendered":"<table width=\"510\">\n<tbody>\n<tr>\n<td width=\"132\"><b>Descripci\u00f3n<\/b><\/td>\n<td width=\"379\"><b>La manzana es el fruto comestible de la especie Malus dom\u00e9stica, llamada com\u00fanmente manzano. Es una fruta pom\u00e1cea de forma redonda y sabor m\u00e1s o menos dulce, dependiendo de la variedad.<\/b><\/td>\n<\/tr>\n<tr>\n<td width=\"132\"><b>Almacenamiento<\/b><\/td>\n<td width=\"379\"><b>En general las manzanas se deben conservar entre 0 y 1\u00baC, variando el tiempo m\u00e1ximo de conservaci\u00f3n seg\u00fan variedades. La humedad debe mantenerse entre el 90 y el 95%<\/b><\/td>\n<\/tr>\n<tr>\n<td width=\"132\"><b>Empaque<\/b><\/td>\n<td width=\"379\"><b>caja de 20 kilos<\/b><\/td>\n<\/tr>\n<\/tbody>\n<\/table>","protected":false},"excerpt":{"rendered":"<p><b>La manzana es el fruto comestible de la especie Malus dom\u00e9stica, llamada com\u00fanmente manzano. Es una fruta pom\u00e1cea de forma redonda y sabor m\u00e1s o menos dulce, dependiendo de la variedad.<\/b><\/p>","protected":false},"featured_media":3411,"comment_status":"open","ping_status":"closed","template":"","meta":{"amp_status":""},"class_list":["post-3408","product","type-product","status-publish","has-post-thumbnail","hentry","product_cat-frutas"],"_links":{"self":[{"href":"https:\/\/morganimportexport.com\/en\/wp-json\/wp\/v2\/product\/3408","targetHints":{"allow":["GET"]}}],"collection":[{"href":"https:\/\/morganimportexport.com\/en\/wp-json\/wp\/v2\/product"}],"about":[{"href":"https:\/\/morganimportexport.com\/en\/wp-json\/wp\/v2\/types\/product"}],"replies":[{"embeddable":true,"href":"https:\/\/morganimportexport.com\/en\/wp-json\/wp\/v2\/comments?post=3408"}],"wp:featuredmedia":[{"embeddable":true,"href":"https:\/\/morganimportexport.com\/en\/wp-json\/wp\/v2\/media\/3411"}],"wp:attachment":[{"href":"https:\/\/morganimportexport.com\/en\/wp-json\/wp\/v2\/media?parent=3408"}],"curies":[{"name":"wp","href":"https:\/\/api.w.org\/{rel}","templated":true}]}}