{"id":3407,"date":"2020-10-07T21:00:17","date_gmt":"2020-10-07T21:00:17","guid":{"rendered":"https:\/\/morganimportexport.com\/?post_type=product&#038;p=3407"},"modified":"2020-10-08T16:36:38","modified_gmt":"2020-10-08T16:36:38","slug":"uva-roja","status":"publish","type":"product","link":"https:\/\/morganimportexport.com\/en\/product\/uva-roja\/","title":{"rendered":"UVA ROJA"},"content":{"rendered":"<table width=\"589\">\n<tbody>\n<tr>\n<td width=\"120\"><b>Descripci\u00f3n<\/b><\/td>\n<td width=\"469\"><b>Las uvas rojas poseen una amplia variedad de vitaminas en su composici\u00f3n. Destac\u00e1ndose que para 100g de este fruto se tiene: Folato 2%, Niacina 1%, \u00e1cido pantot\u00e9nico 0,050%, Piridoxina 5%, Riboflavina 0,070%, Tiamina 6%, Vitamina E 1%, Vitamina K 16% (Ideal para la cicatrizaci\u00f3n)<\/b><\/td>\n<\/tr>\n<tr>\n<td width=\"120\"><b>Almacenamiento<\/b><\/td>\n<td width=\"469\"><b>Las uvas de mesa deben almacenarse a \u20131-0\u00baC con humedades entre el 90 y el 95%. Las uvas deben almacenarse a temperaturas entre \u20131 y 0\u00baC. La humedad recomendada es del 90-95%.<\/b><\/td>\n<\/tr>\n<tr>\n<td width=\"120\"><b>Empaque<\/b><\/td>\n<td width=\"469\"><b>caja de 10 kilos<\/b><\/td>\n<\/tr>\n<\/tbody>\n<\/table>","protected":false},"excerpt":{"rendered":"<p><b>Las uvas rojas poseen una amplia variedad de vitaminas en su composici\u00f3n. Destac\u00e1ndose que para 100g de este fruto se tiene: Folato 2%, Niacina 1%, \u00e1cido pantot\u00e9nico 0,050%, Piridoxina 5%, Riboflavina 0,070%, Tiamina 6%, Vitamina E 1%, Vitamina K 16% (Ideal para la cicatrizaci\u00f3n)<\/b><\/p>","protected":false},"featured_media":3412,"comment_status":"open","ping_status":"closed","template":"","meta":{"amp_status":""},"class_list":["post-3407","product","type-product","status-publish","has-post-thumbnail","hentry","product_cat-frutas"],"_links":{"self":[{"href":"https:\/\/morganimportexport.com\/en\/wp-json\/wp\/v2\/product\/3407","targetHints":{"allow":["GET"]}}],"collection":[{"href":"https:\/\/morganimportexport.com\/en\/wp-json\/wp\/v2\/product"}],"about":[{"href":"https:\/\/morganimportexport.com\/en\/wp-json\/wp\/v2\/types\/product"}],"replies":[{"embeddable":true,"href":"https:\/\/morganimportexport.com\/en\/wp-json\/wp\/v2\/comments?post=3407"}],"wp:featuredmedia":[{"embeddable":true,"href":"https:\/\/morganimportexport.com\/en\/wp-json\/wp\/v2\/media\/3412"}],"wp:attachment":[{"href":"https:\/\/morganimportexport.com\/en\/wp-json\/wp\/v2\/media?parent=3407"}],"curies":[{"name":"wp","href":"https:\/\/api.w.org\/{rel}","templated":true}]}}