{"id":3406,"date":"2020-10-07T21:00:05","date_gmt":"2020-10-07T21:00:05","guid":{"rendered":"https:\/\/morganimportexport.com\/?post_type=product&#038;p=3406"},"modified":"2020-10-08T16:36:45","modified_gmt":"2020-10-08T16:36:45","slug":"pera","status":"publish","type":"product","link":"https:\/\/morganimportexport.com\/en\/product\/pera\/","title":{"rendered":"PERA"},"content":{"rendered":"<table width=\"502\">\n<tbody>\n<tr>\n<td width=\"124\">Descripci\u00f3n<\/td>\n<td width=\"379\">\u00a0Se denomina pera al fruto de distintas especies del g\u00e9nero Pyrus, integrado por \u00e1rboles caducifolios conocidos com\u00fanmente como perales.\u200b Sin embargo, cuando se trata del fruto comestible, se hace referencia mayormente al producido por el llamado peral com\u00fan<\/p>\n<p>La pera es una fruta jugosa y refrescante, dulce y sabrosa. Es muy adecuada para lograr un enriquecimiento vitam\u00ednico y favorecer una dieta sana y equilibrada. Su consumo es aconsejable\u00a0para todas las etapas de la vida por sus propiedades, vitaminas, calcio y nutrientes.<\/p>\n<p>La pera es una fruta que\u00a0contiene m\u00e1s del 80% de agua, por lo que es muy f\u00e1cil de digerir. Adem\u00e1s tiene una gran riqueza de azucares y por eso es muy dulce y es rica en antioxidantes que retrasan el envejecimiento de las c\u00e9lulas.<\/p>\n<p>Es\u00a0rica en vitaminas B y C, y en potasio, hierro, calcio y yodo, entre otros.<\/td>\n<\/tr>\n<tr>\n<td width=\"124\"><b>Almacenamiento<\/b><\/td>\n<td width=\"379\"><b>En general las peras se deben conservar entre 0 y 1\u00baC, variando el tiempo m\u00e1ximo de conservaci\u00f3n seg\u00fan variedades. La humedad debe mantenerse entre el 90 y el 95%<\/b><\/td>\n<\/tr>\n<tr>\n<td width=\"124\"><b>Empaque<\/b><\/td>\n<td width=\"379\"><b>caja de 20 kilos.<\/b><\/td>\n<\/tr>\n<\/tbody>\n<\/table>","protected":false},"excerpt":{"rendered":"<p>La pera es una fruta jugosa y refrescante, dulce y sabrosa. Es muy adecuada para lograr un enriquecimiento vitam\u00ednico y favorecer una dieta sana y equilibrada. Su consumo es aconsejable\u00a0para todas las etapas de la vida por sus propiedades, vitaminas, calcio y nutrientes.<\/p>","protected":false},"featured_media":3409,"comment_status":"open","ping_status":"closed","template":"","meta":{"amp_status":""},"class_list":["post-3406","product","type-product","status-publish","has-post-thumbnail","hentry","product_cat-frutas"],"_links":{"self":[{"href":"https:\/\/morganimportexport.com\/en\/wp-json\/wp\/v2\/product\/3406","targetHints":{"allow":["GET"]}}],"collection":[{"href":"https:\/\/morganimportexport.com\/en\/wp-json\/wp\/v2\/product"}],"about":[{"href":"https:\/\/morganimportexport.com\/en\/wp-json\/wp\/v2\/types\/product"}],"replies":[{"embeddable":true,"href":"https:\/\/morganimportexport.com\/en\/wp-json\/wp\/v2\/comments?post=3406"}],"wp:featuredmedia":[{"embeddable":true,"href":"https:\/\/morganimportexport.com\/en\/wp-json\/wp\/v2\/media\/3409"}],"wp:attachment":[{"href":"https:\/\/morganimportexport.com\/en\/wp-json\/wp\/v2\/media?parent=3406"}],"curies":[{"name":"wp","href":"https:\/\/api.w.org\/{rel}","templated":true}]}}