{"id":3402,"date":"2020-10-07T20:55:42","date_gmt":"2020-10-07T20:55:42","guid":{"rendered":"https:\/\/morganimportexport.com\/?post_type=product&#038;p=3402"},"modified":"2020-10-08T16:37:11","modified_gmt":"2020-10-08T16:37:11","slug":"guayaba-pera","status":"publish","type":"product","link":"https:\/\/morganimportexport.com\/en\/product\/guayaba-pera\/","title":{"rendered":"GUAYABA PERA"},"content":{"rendered":"<table width=\"527\">\n<tbody>\n<tr>\n<td width=\"148\"><b>Descripci\u00f3n<\/b><\/td>\n<td width=\"379\"><b>Las guayabas son un g\u00e9nero de unas cien especies de \u00e1rboles tropicales y \u00e1rboles peque\u00f1os en la familia Myrtaceae, nativas de Am\u00e9rica. Las hojas son opuestas, simples, el\u00edpticas a ovaladas, de 5 a 15 cent\u00edmetros de largo<\/b><\/td>\n<\/tr>\n<tr>\n<td width=\"148\"><b>Almacenamiento<\/b><\/td>\n<td width=\"379\"><b>Se debe almacenar en c\u00e1maras frigor\u00edficas. Para guayabas verdes-amarillentas, se recomienda el almacenamiento a temperaturas entre 8-10\u00baC y humedades relativas del 90%. En estas condiciones, el fruto permanece en buen estado unas 2-3 semanas. En cambio, las guayabas maduras (amarillas) se deben almacenar a temperaturas entre 5-8\u00baC y humedades relativas del 90% durante una semana.<\/b><\/td>\n<\/tr>\n<tr>\n<td width=\"148\"><b>Empaque<\/b><\/td>\n<td width=\"379\"><b>Caja de 12 kilos<\/b><\/td>\n<\/tr>\n<\/tbody>\n<\/table>","protected":false},"excerpt":{"rendered":"<p><b>Las guayabas son un g\u00e9nero de unas cien especies de \u00e1rboles tropicales y \u00e1rboles peque\u00f1os en la familia Myrtaceae, nativas de Am\u00e9rica. Las hojas son opuestas, simples, el\u00edpticas a ovaladas, de 5 a 15 cent\u00edmetros de largo<\/b><\/p>","protected":false},"featured_media":3405,"comment_status":"open","ping_status":"closed","template":"","meta":{"amp_status":""},"class_list":["post-3402","product","type-product","status-publish","has-post-thumbnail","hentry","product_cat-frutas"],"_links":{"self":[{"href":"https:\/\/morganimportexport.com\/en\/wp-json\/wp\/v2\/product\/3402","targetHints":{"allow":["GET"]}}],"collection":[{"href":"https:\/\/morganimportexport.com\/en\/wp-json\/wp\/v2\/product"}],"about":[{"href":"https:\/\/morganimportexport.com\/en\/wp-json\/wp\/v2\/types\/product"}],"replies":[{"embeddable":true,"href":"https:\/\/morganimportexport.com\/en\/wp-json\/wp\/v2\/comments?post=3402"}],"wp:featuredmedia":[{"embeddable":true,"href":"https:\/\/morganimportexport.com\/en\/wp-json\/wp\/v2\/media\/3405"}],"wp:attachment":[{"href":"https:\/\/morganimportexport.com\/en\/wp-json\/wp\/v2\/media?parent=3402"}],"curies":[{"name":"wp","href":"https:\/\/api.w.org\/{rel}","templated":true}]}}