{"id":3400,"date":"2020-10-07T20:55:41","date_gmt":"2020-10-07T20:55:41","guid":{"rendered":"https:\/\/morganimportexport.com\/?post_type=product&#038;p=3400"},"modified":"2020-10-08T16:37:10","modified_gmt":"2020-10-08T16:37:10","slug":"chinola-maracuya","status":"publish","type":"product","link":"https:\/\/morganimportexport.com\/en\/product\/chinola-maracuya\/","title":{"rendered":"CHINOLA \u2013 MARACUYA"},"content":{"rendered":"<table width=\"655\">\n<tbody>\n<tr>\n<td width=\"192\">Descripci\u00f3n<\/td>\n<td width=\"463\">El maracuy\u00e1 es una fruta de la especie de la familia de las pasiflor\u00e1ceas que dan frutos comestibles, entre ellos la fruta de la pasi\u00f3n o maracuy\u00e1, de sabor ligeramente ac\u00eddulo y muy arom\u00e1tico. Otras especies trepadoras de la misma familia son importantes como plantas ornamentales. La fruta de la pasi\u00f3n amarilla (P. Edulis\u00a0 flavicarpa) es de color amarillo, en forma de baya y con un sabor agridulce.<\/td>\n<\/tr>\n<tr>\n<td width=\"192\">Conservaci\u00f3n<\/td>\n<td width=\"463\">\u00a0Para la Chinola o maracuy\u00e1 amarillo se recomienda una temperatura de 8,5 \u00b0C, humedad relativa del 85 al 90%, para una vida de almacenamiento de 30 d\u00edas.<\/td>\n<\/tr>\n<tr>\n<td width=\"192\">Empaque<\/td>\n<td width=\"463\">caja de 20 libras.<\/td>\n<\/tr>\n<\/tbody>\n<\/table>","protected":false},"excerpt":{"rendered":"<p>&nbsp;<\/p>\n<p>El maracuy\u00e1 es una fruta de la especie de la familia de las pasiflor\u00e1ceas que dan frutos comestibles, entre ellos la fruta de la pasi\u00f3n o maracuy\u00e1, de sabor ligeramente ac\u00eddulo y muy arom\u00e1tico. Otras especies trepadoras de la misma familia son importantes como plantas ornamentales. La fruta de la pasi\u00f3n amarilla (P. Edulis\u00a0 flavicarpa) es de color amarillo, en forma de baya y con un sabor agridulce.<\/p>","protected":false},"featured_media":3404,"comment_status":"open","ping_status":"closed","template":"","meta":{"amp_status":""},"class_list":["post-3400","product","type-product","status-publish","has-post-thumbnail","hentry","product_cat-sin-categorizar"],"_links":{"self":[{"href":"https:\/\/morganimportexport.com\/en\/wp-json\/wp\/v2\/product\/3400","targetHints":{"allow":["GET"]}}],"collection":[{"href":"https:\/\/morganimportexport.com\/en\/wp-json\/wp\/v2\/product"}],"about":[{"href":"https:\/\/morganimportexport.com\/en\/wp-json\/wp\/v2\/types\/product"}],"replies":[{"embeddable":true,"href":"https:\/\/morganimportexport.com\/en\/wp-json\/wp\/v2\/comments?post=3400"}],"wp:featuredmedia":[{"embeddable":true,"href":"https:\/\/morganimportexport.com\/en\/wp-json\/wp\/v2\/media\/3404"}],"wp:attachment":[{"href":"https:\/\/morganimportexport.com\/en\/wp-json\/wp\/v2\/media?parent=3400"}],"curies":[{"name":"wp","href":"https:\/\/api.w.org\/{rel}","templated":true}]}}