{"id":3399,"date":"2020-10-07T20:55:44","date_gmt":"2020-10-07T20:55:44","guid":{"rendered":"https:\/\/morganimportexport.com\/?post_type=product&#038;p=3399"},"modified":"2020-10-08T16:36:58","modified_gmt":"2020-10-08T16:36:58","slug":"granadilla","status":"publish","type":"product","link":"https:\/\/morganimportexport.com\/en\/product\/granadilla\/","title":{"rendered":"GRANADILLA"},"content":{"rendered":"<table width=\"672\">\n<tbody>\n<tr>\n<td width=\"136\">Descripci\u00f3n<\/td>\n<td width=\"536\">Passiflora ligularis, llamada popularmente granadilla o simplemente granada, es una planta trepadora perteneciente a la familia Passifloraceae originaria de las estribaciones de la cordillera andina desde el norte de Chile hasta Venezuela.<\/td>\n<\/tr>\n<tr>\n<td width=\"136\">Almacenamiento<\/td>\n<td width=\"536\">Si no est\u00e1 del todo madura (no cede a la presi\u00f3n con el dedo y su color no es anaranjado) se debe dejar a temperatura ambiente. Una vez madura puede guardarse en la parte menos fr\u00eda de la nevera hasta 1 semana. Al igual que la fruta de la pasi\u00f3n puede tambi\u00e9n congelarse durante meses. Temperatura \u00f3ptima: 10\u00ba C% H.R.: 85-90%-<\/td>\n<\/tr>\n<tr>\n<td width=\"136\">Empaque<\/td>\n<td width=\"536\">\u00a0Caja por 10 libras<\/td>\n<\/tr>\n<\/tbody>\n<\/table>","protected":false},"excerpt":{"rendered":"<p>Passiflora ligularis, llamada popularmente granadilla o simplemente granada, es una planta trepadora perteneciente a la familia Passifloraceae originaria de las estribaciones de la cordillera andina desde el norte de Chile hasta Venezuela.<\/p>","protected":false},"featured_media":3401,"comment_status":"open","ping_status":"closed","template":"","meta":{"amp_status":""},"class_list":["post-3399","product","type-product","status-publish","has-post-thumbnail","hentry","product_cat-frutas"],"_links":{"self":[{"href":"https:\/\/morganimportexport.com\/en\/wp-json\/wp\/v2\/product\/3399","targetHints":{"allow":["GET"]}}],"collection":[{"href":"https:\/\/morganimportexport.com\/en\/wp-json\/wp\/v2\/product"}],"about":[{"href":"https:\/\/morganimportexport.com\/en\/wp-json\/wp\/v2\/types\/product"}],"replies":[{"embeddable":true,"href":"https:\/\/morganimportexport.com\/en\/wp-json\/wp\/v2\/comments?post=3399"}],"wp:featuredmedia":[{"embeddable":true,"href":"https:\/\/morganimportexport.com\/en\/wp-json\/wp\/v2\/media\/3401"}],"wp:attachment":[{"href":"https:\/\/morganimportexport.com\/en\/wp-json\/wp\/v2\/media?parent=3399"}],"curies":[{"name":"wp","href":"https:\/\/api.w.org\/{rel}","templated":true}]}}