{"id":3396,"date":"2020-10-07T20:50:05","date_gmt":"2020-10-07T20:50:05","guid":{"rendered":"https:\/\/morganimportexport.com\/?post_type=product&#038;p=3396"},"modified":"2020-10-08T16:37:28","modified_gmt":"2020-10-08T16:37:28","slug":"gulupa-chulupa-morada-o-amarilla","status":"publish","type":"product","link":"https:\/\/morganimportexport.com\/en\/product\/gulupa-chulupa-morada-o-amarilla\/","title":{"rendered":"GULUPA \u2013 CHULUPA MORADA o AMARILLA"},"content":{"rendered":"<table width=\"688\">\n<tbody>\n<tr>\n<td width=\"144\">Descripci\u00f3n<\/td>\n<td width=\"544\">Especie Passiflora edulis Sims.<\/p>\n<p>Fruta redonda, p\u00farpura y de \u00e1cidez moderada. Firme y consistente. Se puede en pulpa, jugos, postres, ensaladas, c\u00f3cteles entre otros. La pulpa, permite que se incluya de una forma m\u00e1s f\u00e1cil en diversas preparaciones culinarias.<\/td>\n<\/tr>\n<tr>\n<td width=\"144\">Almacenamiento<\/td>\n<td width=\"544\">De 4\u00aa 5 semanas a temperatura de 5 \u2013 10 grados cent\u00edgrados. C\u00e1maras frigor\u00edficas con una humedad relativa de 70-75%,<\/td>\n<\/tr>\n<tr>\n<td width=\"144\">Empaque<\/td>\n<td width=\"544\">\u00a0Caja de 12 kilos.<\/td>\n<\/tr>\n<\/tbody>\n<\/table>","protected":false},"excerpt":{"rendered":"<p>Fruta redonda, p\u00farpura y de \u00e1cidez moderada. Firme y consistente. Se puede en pulpa, jugos, postres, ensaladas, c\u00f3cteles entre otros. La pulpa, permite que se incluya de una forma m\u00e1s f\u00e1cil en diversas preparaciones culinarias.<\/p>","protected":false},"featured_media":3398,"comment_status":"open","ping_status":"closed","template":"","meta":{"amp_status":""},"class_list":["post-3396","product","type-product","status-publish","has-post-thumbnail","hentry","product_cat-frutas"],"_links":{"self":[{"href":"https:\/\/morganimportexport.com\/en\/wp-json\/wp\/v2\/product\/3396","targetHints":{"allow":["GET"]}}],"collection":[{"href":"https:\/\/morganimportexport.com\/en\/wp-json\/wp\/v2\/product"}],"about":[{"href":"https:\/\/morganimportexport.com\/en\/wp-json\/wp\/v2\/types\/product"}],"replies":[{"embeddable":true,"href":"https:\/\/morganimportexport.com\/en\/wp-json\/wp\/v2\/comments?post=3396"}],"wp:featuredmedia":[{"embeddable":true,"href":"https:\/\/morganimportexport.com\/en\/wp-json\/wp\/v2\/media\/3398"}],"wp:attachment":[{"href":"https:\/\/morganimportexport.com\/en\/wp-json\/wp\/v2\/media?parent=3396"}],"curies":[{"name":"wp","href":"https:\/\/api.w.org\/{rel}","templated":true}]}}