{"id":3394,"date":"2020-10-07T20:51:51","date_gmt":"2020-10-07T20:51:51","guid":{"rendered":"https:\/\/morganimportexport.com\/?post_type=product&#038;p=3394"},"modified":"2020-10-08T16:37:21","modified_gmt":"2020-10-08T16:37:21","slug":"uchuva","status":"publish","type":"product","link":"https:\/\/morganimportexport.com\/en\/product\/uchuva\/","title":{"rendered":"UCHUVA"},"content":{"rendered":"<table width=\"672\">\n<tbody>\n<tr>\n<td width=\"152\">Descripci\u00f3n<\/td>\n<td width=\"520\">La uchuva es una fruta de origen Americano, oriunda de los Andes, posee excelentes propiedades nutricionales y especialmente curativas. Se le conoce con diferentes nombres alrededor del mundo, entre ellos: uvilla, guchuva, vejig\u00f3n, topetorope, aguaymanto, alquequenje, topo-topo, capul\u00ed, tomate silvestre, tomatillo, \u2018cape gooseberry\u2019 (en ingl\u00e9s), judaskirsche en Alemania y coqueret du perou, en Francia.<\/p>\n<p>La uchuva pertenece a la familia de las solan\u00e1ceas, por lo que posee caracter\u00edsticas similares a la familia de la papa, el tomate y el tabaco. Su estructura interna es similar a un tomate en miniatura.<br \/>\nLa uchuva es una fruta semi \u00e1cida, redonda, amarilla, dulce y peque\u00f1a (mide entre 1,25 y 2 cm de di\u00e1metro), y viene envuelta en una c\u00e1scara protectora.<\/td>\n<\/tr>\n<tr>\n<td width=\"152\">Almacenamiento<\/td>\n<td width=\"520\">Cuando el productor decide acopiar y guardar producto en espera de mejores precios, la deja en cajas pl\u00e1sticas hasta unos 20 d\u00edas en bodegas cuya temperatura no exceda los 18 grados cent\u00edgrados y 70 por ciento de humedad relativa. Si cuenta con sistemas de refrigeraci\u00f3n, pueden ser almacenadas a 2 grados cent\u00edgrados, durante 4 o 5 meses.<\/td>\n<\/tr>\n<tr>\n<td width=\"152\">Empaque<\/td>\n<td width=\"520\">Caja de 5 kilos<\/td>\n<\/tr>\n<\/tbody>\n<\/table>","protected":false},"excerpt":{"rendered":"<p>La uchuva pertenece a la familia de las solan\u00e1ceas, por lo que posee caracter\u00edsticas similares a la familia de la papa, el tomate y el tabaco. Su estructura interna es similar a un tomate en miniatura.<\/p>","protected":false},"featured_media":3397,"comment_status":"open","ping_status":"closed","template":"","meta":{"amp_status":""},"class_list":["post-3394","product","type-product","status-publish","has-post-thumbnail","hentry","product_cat-frutas"],"_links":{"self":[{"href":"https:\/\/morganimportexport.com\/en\/wp-json\/wp\/v2\/product\/3394","targetHints":{"allow":["GET"]}}],"collection":[{"href":"https:\/\/morganimportexport.com\/en\/wp-json\/wp\/v2\/product"}],"about":[{"href":"https:\/\/morganimportexport.com\/en\/wp-json\/wp\/v2\/types\/product"}],"replies":[{"embeddable":true,"href":"https:\/\/morganimportexport.com\/en\/wp-json\/wp\/v2\/comments?post=3394"}],"wp:featuredmedia":[{"embeddable":true,"href":"https:\/\/morganimportexport.com\/en\/wp-json\/wp\/v2\/media\/3397"}],"wp:attachment":[{"href":"https:\/\/morganimportexport.com\/en\/wp-json\/wp\/v2\/media?parent=3394"}],"curies":[{"name":"wp","href":"https:\/\/api.w.org\/{rel}","templated":true}]}}