{"id":3392,"date":"2020-10-07T20:48:39","date_gmt":"2020-10-07T20:48:39","guid":{"rendered":"https:\/\/morganimportexport.com\/?post_type=product&#038;p=3392"},"modified":"2020-10-08T16:37:39","modified_gmt":"2020-10-08T16:37:39","slug":"pitahaya","status":"publish","type":"product","link":"https:\/\/morganimportexport.com\/en\/product\/pitahaya\/","title":{"rendered":"PITAHAYA"},"content":{"rendered":"<table width=\"559\">\n<tbody>\n<tr>\n<td width=\"144\"><b>Descripci\u00f3n<\/b><\/td>\n<td width=\"415\"><b>Hylocereus trigonus. Familia: Cact\u00e1ceas. Fruta ovoide (12 cm. de largo y 7 cm. de ancho, aproximadamente) de piel con protuberancias con puntas uniformemente distribuidas denominadas br\u00e1cteas. La variedad m\u00e1s conocida es inicialmente verde para cambiar a amarillo cuando est\u00e1 madura si bien existen otras variedades comerciales que son de color rojo p\u00farpura o rosadas. La pulpa, color blanco-gris\u00e1ceo, presenta semillas comestibles con sustancias altamente digestivas. Sabor dulce y delicado.<\/b><\/td>\n<\/tr>\n<tr>\n<td width=\"144\"><b>Almacenamiento<\/b><\/td>\n<td width=\"415\"><b>En sitio fresco o refrigerado. La mejor temperatura para su almacenamiento \u00f3ptima: 6 \u2013 8 \u00baC y % H.R.: 85-95% para vida \u00fatil de tres semanas.<\/b><\/td>\n<\/tr>\n<tr>\n<td width=\"144\"><b>Empaque<\/b><\/td>\n<td width=\"415\"><b>Caja de 10 kilos<\/b><\/td>\n<\/tr>\n<\/tbody>\n<\/table>","protected":false},"excerpt":{"rendered":"<p><b>Hylocereus trigonus. Familia: Cact\u00e1ceas. Fruta ovoide (12 cm. de largo y 7 cm. de ancho, aproximadamente) de piel con protuberancias con puntas uniformemente distribuidas denominadas br\u00e1cteas. La variedad m\u00e1s conocida es inicialmente verde para cambiar a amarillo cuando est\u00e1 madura si bien existen otras variedades comerciales que son de color rojo p\u00farpura o rosadas. La pulpa, color blanco-gris\u00e1ceo, presenta semillas comestibles con sustancias altamente digestivas. Sabor dulce y delicado.<\/b><\/p>","protected":false},"featured_media":3395,"comment_status":"open","ping_status":"closed","template":"","meta":{"amp_status":""},"class_list":["post-3392","product","type-product","status-publish","has-post-thumbnail","hentry","product_cat-frutas"],"_links":{"self":[{"href":"https:\/\/morganimportexport.com\/en\/wp-json\/wp\/v2\/product\/3392","targetHints":{"allow":["GET"]}}],"collection":[{"href":"https:\/\/morganimportexport.com\/en\/wp-json\/wp\/v2\/product"}],"about":[{"href":"https:\/\/morganimportexport.com\/en\/wp-json\/wp\/v2\/types\/product"}],"replies":[{"embeddable":true,"href":"https:\/\/morganimportexport.com\/en\/wp-json\/wp\/v2\/comments?post=3392"}],"wp:featuredmedia":[{"embeddable":true,"href":"https:\/\/morganimportexport.com\/en\/wp-json\/wp\/v2\/media\/3395"}],"wp:attachment":[{"href":"https:\/\/morganimportexport.com\/en\/wp-json\/wp\/v2\/media?parent=3392"}],"curies":[{"name":"wp","href":"https:\/\/api.w.org\/{rel}","templated":true}]}}