{"id":3390,"date":"2020-10-07T20:46:42","date_gmt":"2020-10-07T20:46:42","guid":{"rendered":"https:\/\/morganimportexport.com\/?post_type=product&#038;p=3390"},"modified":"2020-10-08T16:37:43","modified_gmt":"2020-10-08T16:37:43","slug":"lulo","status":"publish","type":"product","link":"https:\/\/morganimportexport.com\/en\/product\/lulo\/","title":{"rendered":"LULO"},"content":{"rendered":"<table width=\"544\">\n<tbody>\n<tr>\n<td width=\"135\"><b>Descripci\u00f3n<\/b><\/td>\n<td width=\"409\"><b>Solanum quitoense es una planta perenne subtropical del noroeste de Am\u00e9rica del Sur. Su fruta es conocida como naranjilla en Ecuador, Panam\u00e1 y Costa Rica; mientras en Colombia, Venezuela, Rep\u00fablica Dominicana y M\u00e9xico, sobre su zona sur, es conocida como lulo<\/b><\/td>\n<\/tr>\n<tr>\n<td width=\"135\"><b>Almacenamiento<\/b><\/td>\n<td width=\"409\"><b>Si en la zona de cultivo hay cuarto fr\u00edo, se debe cosechar el lulo con 40% de desarrollo de color amarillo de su c\u00e1scara. Se deben almacenar a una temperatura de 7.5 \u00baC y una humedad relativa de 90%, en estas condiciones la fruta puede estar almacenada hasta por 22 d\u00edas. Si se almacena lulo con mayor \u00edndice de madurez se puede conservar hasta por 10 d\u00edas.<\/b><\/td>\n<\/tr>\n<tr>\n<td width=\"135\"><b>Empaque<\/b><\/td>\n<td width=\"409\"><b>Caja de 5 kilos<\/b><\/td>\n<\/tr>\n<\/tbody>\n<\/table>","protected":false},"excerpt":{"rendered":"<p><b>Solanum quitoense es una planta perenne subtropical del noroeste de Am\u00e9rica del Sur. Su fruta es conocida como naranjilla en Ecuador, Panam\u00e1 y Costa Rica; mientras en Colombia, Venezuela, Rep\u00fablica Dominicana y M\u00e9xico, sobre su zona sur, es conocida como lulo<\/b><\/p>","protected":false},"featured_media":3393,"comment_status":"open","ping_status":"closed","template":"","meta":{"amp_status":""},"class_list":["post-3390","product","type-product","status-publish","has-post-thumbnail","hentry","product_cat-frutas"],"_links":{"self":[{"href":"https:\/\/morganimportexport.com\/en\/wp-json\/wp\/v2\/product\/3390","targetHints":{"allow":["GET"]}}],"collection":[{"href":"https:\/\/morganimportexport.com\/en\/wp-json\/wp\/v2\/product"}],"about":[{"href":"https:\/\/morganimportexport.com\/en\/wp-json\/wp\/v2\/types\/product"}],"replies":[{"embeddable":true,"href":"https:\/\/morganimportexport.com\/en\/wp-json\/wp\/v2\/comments?post=3390"}],"wp:featuredmedia":[{"embeddable":true,"href":"https:\/\/morganimportexport.com\/en\/wp-json\/wp\/v2\/media\/3393"}],"wp:attachment":[{"href":"https:\/\/morganimportexport.com\/en\/wp-json\/wp\/v2\/media?parent=3390"}],"curies":[{"name":"wp","href":"https:\/\/api.w.org\/{rel}","templated":true}]}}