{"id":3388,"date":"2020-10-07T20:45:07","date_gmt":"2020-10-07T20:45:07","guid":{"rendered":"https:\/\/morganimportexport.com\/?post_type=product&#038;p=3388"},"modified":"2020-10-08T16:37:51","modified_gmt":"2020-10-08T16:37:51","slug":"ciruela","status":"publish","type":"product","link":"https:\/\/morganimportexport.com\/en\/product\/ciruela\/","title":{"rendered":"CIRUELA"},"content":{"rendered":"<table width=\"510\">\n<tbody>\n<tr>\n<td width=\"132\"><b>Descripci\u00f3n<\/b><\/td>\n<td width=\"379\"><b>La ciruela es la fruta del ciruelo, nombre com\u00fan de varias especies arb\u00f3reas pertenecientes al subg\u00e9nero Prunus. La ciruela es una drupa, es decir, un fruto carnoso con una \u00fanica semilla rodeada de un endocarpo le\u00f1oso<\/b><\/td>\n<\/tr>\n<tr>\n<td width=\"132\"><b>Almacenamiento<\/b><\/td>\n<td width=\"379\"><b>En general las ciruelas, se deben conservar entre 0 y 1\u00baC, variando el tiempo m\u00e1ximo de conservaci\u00f3n seg\u00fan variedades. La humedad debe mantenerse entre el 90 y el 95%<\/b><\/td>\n<\/tr>\n<tr>\n<td width=\"132\"><b>Empaque<\/b><\/td>\n<td width=\"379\"><b>caja de 20 kilos<\/b><\/td>\n<\/tr>\n<\/tbody>\n<\/table>","protected":false},"excerpt":{"rendered":"<p><b>La ciruela es la fruta del ciruelo, nombre com\u00fan de varias especies arb\u00f3reas pertenecientes al subg\u00e9nero Prunus. La ciruela es una drupa, es decir, un fruto carnoso con una \u00fanica semilla rodeada de un endocarpo le\u00f1oso<\/b><\/p>","protected":false},"featured_media":3391,"comment_status":"open","ping_status":"closed","template":"","meta":{"amp_status":""},"class_list":["post-3388","product","type-product","status-publish","has-post-thumbnail","hentry","product_cat-frutas"],"_links":{"self":[{"href":"https:\/\/morganimportexport.com\/en\/wp-json\/wp\/v2\/product\/3388","targetHints":{"allow":["GET"]}}],"collection":[{"href":"https:\/\/morganimportexport.com\/en\/wp-json\/wp\/v2\/product"}],"about":[{"href":"https:\/\/morganimportexport.com\/en\/wp-json\/wp\/v2\/types\/product"}],"replies":[{"embeddable":true,"href":"https:\/\/morganimportexport.com\/en\/wp-json\/wp\/v2\/comments?post=3388"}],"wp:featuredmedia":[{"embeddable":true,"href":"https:\/\/morganimportexport.com\/en\/wp-json\/wp\/v2\/media\/3391"}],"wp:attachment":[{"href":"https:\/\/morganimportexport.com\/en\/wp-json\/wp\/v2\/media?parent=3388"}],"curies":[{"name":"wp","href":"https:\/\/api.w.org\/{rel}","templated":true}]}}