{"id":3386,"date":"2020-10-07T20:41:43","date_gmt":"2020-10-07T20:41:43","guid":{"rendered":"https:\/\/morganimportexport.com\/?post_type=product&#038;p=3386"},"modified":"2020-10-08T16:38:11","modified_gmt":"2020-10-08T16:38:11","slug":"melon-cantalup","status":"publish","type":"product","link":"https:\/\/morganimportexport.com\/en\/product\/melon-cantalup\/","title":{"rendered":"MELON CANTALUP"},"content":{"rendered":"<table width=\"695\">\n<tbody>\n<tr>\n<td width=\"273\">Descripci\u00f3n<\/td>\n<td width=\"422\">Mel\u00f3n cantalupo. Es un fruto que proviene de una planta trepadora que se da en climas c\u00e1lidos con veranos soleados y secos. Presenta frutos precoces (85-95 d\u00edas), esf\u00e9ricos, ligeramente aplastados, de pesos comprendidos entre 700 y 1200 gramos, de costillas poco marcadas, piel fina y pulpa de color naranja.<\/td>\n<\/tr>\n<tr>\n<td width=\"273\">Conservaci\u00f3n<\/td>\n<td width=\"422\">El mel\u00f3n cantalupo maduro tiene una vida \u00fatil de tres o cuatro d\u00edas y lo mejor es guardarlo en la nevera, mientras que los melones que todav\u00eda est\u00e9n verdes pueden conservarse a temperatura ambiente.<\/td>\n<\/tr>\n<tr>\n<td width=\"273\">Empaque<\/td>\n<td width=\"422\">Caja por 40 libras<\/td>\n<\/tr>\n<\/tbody>\n<\/table>","protected":false},"excerpt":{"rendered":"<p>Mel\u00f3n cantalupo. Es un fruto que proviene de una planta trepadora que se da en climas c\u00e1lidos con veranos soleados y secos.<\/p>","protected":false},"featured_media":3387,"comment_status":"open","ping_status":"closed","template":"","meta":{"amp_status":""},"class_list":["post-3386","product","type-product","status-publish","has-post-thumbnail","hentry","product_cat-frutas"],"_links":{"self":[{"href":"https:\/\/morganimportexport.com\/en\/wp-json\/wp\/v2\/product\/3386","targetHints":{"allow":["GET"]}}],"collection":[{"href":"https:\/\/morganimportexport.com\/en\/wp-json\/wp\/v2\/product"}],"about":[{"href":"https:\/\/morganimportexport.com\/en\/wp-json\/wp\/v2\/types\/product"}],"replies":[{"embeddable":true,"href":"https:\/\/morganimportexport.com\/en\/wp-json\/wp\/v2\/comments?post=3386"}],"wp:featuredmedia":[{"embeddable":true,"href":"https:\/\/morganimportexport.com\/en\/wp-json\/wp\/v2\/media\/3387"}],"wp:attachment":[{"href":"https:\/\/morganimportexport.com\/en\/wp-json\/wp\/v2\/media?parent=3386"}],"curies":[{"name":"wp","href":"https:\/\/api.w.org\/{rel}","templated":true}]}}