{"id":3385,"date":"2020-10-07T20:43:09","date_gmt":"2020-10-07T20:43:09","guid":{"rendered":"https:\/\/morganimportexport.com\/?post_type=product&#038;p=3385"},"modified":"2020-10-08T16:38:05","modified_gmt":"2020-10-08T16:38:05","slug":"durazno-nectarin","status":"publish","type":"product","link":"https:\/\/morganimportexport.com\/en\/product\/durazno-nectarin\/","title":{"rendered":"DURAZNO NECTARIN"},"content":{"rendered":"<table width=\"510\">\n<tbody>\n<tr>\n<td width=\"132\"><b>Descripci\u00f3n<\/b><\/td>\n<td width=\"379\"><b>Prunus persica, originalmente Amygdalus persica L., melocotonero (del lat\u00edn malus cotonus, \u00abmanzana algodonosa\u00bb, en alusi\u00f3n a la piel del fruto, es una especie de \u00e1rbol del g\u00e9nero Prunus de la familia Rosaceae. Tambi\u00e9n se suele denominar duraznero (del lat\u00edn durus acinus, \u00abque tiene la piel dura\u00bb \u2014aludiendo a la piel del fruto<\/b><\/td>\n<\/tr>\n<tr>\n<td width=\"132\"><b>Almacenamiento<\/b><\/td>\n<td width=\"379\"><b>En general Los Duraznos se deben conservar entre 0 y 1 \u00baC, variando el tiempo m\u00e1ximo de conservaci\u00f3n seg\u00fan variedades. La humedad debe mantenerse entre el 90 y el 95 %<\/b><\/td>\n<\/tr>\n<tr>\n<td width=\"132\"><b>Empaque<\/b><\/td>\n<td width=\"379\"><b>caja de 20 kilos<\/b><\/td>\n<\/tr>\n<\/tbody>\n<\/table>","protected":false},"excerpt":{"rendered":"<p><b>Prunus persica, originalmente Amygdalus persica L., melocotonero (del lat\u00edn malus cotonus, \u00abmanzana algodonosa\u00bb, en alusi\u00f3n a la piel del fruto, es una especie de \u00e1rbol del g\u00e9nero Prunus de la familia Rosaceae. <\/b><\/p>","protected":false},"featured_media":3389,"comment_status":"open","ping_status":"closed","template":"","meta":{"amp_status":""},"class_list":["post-3385","product","type-product","status-publish","has-post-thumbnail","hentry","product_cat-frutas"],"_links":{"self":[{"href":"https:\/\/morganimportexport.com\/en\/wp-json\/wp\/v2\/product\/3385","targetHints":{"allow":["GET"]}}],"collection":[{"href":"https:\/\/morganimportexport.com\/en\/wp-json\/wp\/v2\/product"}],"about":[{"href":"https:\/\/morganimportexport.com\/en\/wp-json\/wp\/v2\/types\/product"}],"replies":[{"embeddable":true,"href":"https:\/\/morganimportexport.com\/en\/wp-json\/wp\/v2\/comments?post=3385"}],"wp:featuredmedia":[{"embeddable":true,"href":"https:\/\/morganimportexport.com\/en\/wp-json\/wp\/v2\/media\/3389"}],"wp:attachment":[{"href":"https:\/\/morganimportexport.com\/en\/wp-json\/wp\/v2\/media?parent=3385"}],"curies":[{"name":"wp","href":"https:\/\/api.w.org\/{rel}","templated":true}]}}