{"id":3383,"date":"2020-10-07T20:37:57","date_gmt":"2020-10-07T20:37:57","guid":{"rendered":"https:\/\/morganimportexport.com\/?post_type=product&#038;p=3383"},"modified":"2020-10-08T16:40:28","modified_gmt":"2020-10-08T16:40:28","slug":"sandia","status":"publish","type":"product","link":"https:\/\/morganimportexport.com\/en\/product\/sandia\/","title":{"rendered":"SANDIA"},"content":{"rendered":"<table width=\"711\">\n<tbody>\n<tr>\n<td width=\"246\">Descripci\u00f3n<\/td>\n<td width=\"465\">La sand\u00eda es un fruto grande y de forma m\u00e1s o menos esf\u00e9rica que suele consumirse cruda como postre. Su pulpa es de color rojizo o amarillento y de sabor dulce. Resulta un alimento muy refrescante que aporta muy pocas calor\u00edas al organismo, tambi\u00e9n aporta algunas vitaminas y minerales.<\/td>\n<\/tr>\n<tr>\n<td width=\"246\">Conservaci\u00f3n<\/td>\n<td width=\"465\">La Sand\u00eda se puede conservar a una temperatura de 10 a 15 \u00b0C y una humedad relativa del 90 % durante 15 a 20 d\u00edas.<\/td>\n<\/tr>\n<tr>\n<td width=\"246\">Empaque<\/td>\n<td width=\"465\">Caja por 40 libras<\/td>\n<\/tr>\n<\/tbody>\n<\/table>","protected":false},"excerpt":{"rendered":"<p>La sand\u00eda es un fruto grande y de forma m\u00e1s o menos esf\u00e9rica que suele consumirse cruda como postre. Su pulpa es de color rojizo o amarillento y de sabor dulce. Resulta un alimento muy refrescante que aporta muy pocas calor\u00edas al organismo, tambi\u00e9n aporta algunas vitaminas y minerales.<\/p>","protected":false},"featured_media":3384,"comment_status":"open","ping_status":"closed","template":"","meta":{"amp_status":""},"class_list":["post-3383","product","type-product","status-publish","has-post-thumbnail","hentry","product_cat-frutas"],"_links":{"self":[{"href":"https:\/\/morganimportexport.com\/en\/wp-json\/wp\/v2\/product\/3383","targetHints":{"allow":["GET"]}}],"collection":[{"href":"https:\/\/morganimportexport.com\/en\/wp-json\/wp\/v2\/product"}],"about":[{"href":"https:\/\/morganimportexport.com\/en\/wp-json\/wp\/v2\/types\/product"}],"replies":[{"embeddable":true,"href":"https:\/\/morganimportexport.com\/en\/wp-json\/wp\/v2\/comments?post=3383"}],"wp:featuredmedia":[{"embeddable":true,"href":"https:\/\/morganimportexport.com\/en\/wp-json\/wp\/v2\/media\/3384"}],"wp:attachment":[{"href":"https:\/\/morganimportexport.com\/en\/wp-json\/wp\/v2\/media?parent=3383"}],"curies":[{"name":"wp","href":"https:\/\/api.w.org\/{rel}","templated":true}]}}