{"id":3380,"date":"2020-10-07T20:35:54","date_gmt":"2020-10-07T20:35:54","guid":{"rendered":"https:\/\/morganimportexport.com\/?post_type=product&#038;p=3380"},"modified":"2020-10-08T16:40:45","modified_gmt":"2020-10-08T16:40:45","slug":"guanabana","status":"publish","type":"product","link":"https:\/\/morganimportexport.com\/en\/product\/guanabana\/","title":{"rendered":"GUANABANA"},"content":{"rendered":"<table width=\"673\">\n<tbody>\n<tr>\n<td width=\"313\">Descripci\u00f3n<\/td>\n<td width=\"359\">Annona muricata, llamada guan\u00e1bana, es un \u00e1rbol de origen sudamericano de la familia Annonaceae, cultivado en muchos pa\u00edses tropicales por sus frutos comestibles<\/td>\n<\/tr>\n<tr>\n<td width=\"313\">Conservaci\u00f3n<\/td>\n<td width=\"359\">Entre las tecnolog\u00edas que permiten prolongar el periodo de conservaci\u00f3n y mantener las caracter\u00edsticas de calidad propias del fruto, la refrigeraci\u00f3n es una de las m\u00e1s eficaces y de empleo general; sin embargo, los frutos de la guan\u00e1bana presentan sensibilidad al fr\u00edo; es decir, sufren da\u00f1os fisiol\u00f3gicos cuando son almacenados a temperaturas desde los 4 a 18 \u00b0C de refrigeraci\u00f3n, observ\u00e1ndose da\u00f1os superficiales (decoloraci\u00f3n y depresiones), mantenimiento o aumento de la firmeza de la pulpa, p\u00e9rdida de la capacidad de madurar, pardeamiento de la pulpa, p\u00e9rdida de sabor y aceleraci\u00f3n de la senescencia<\/td>\n<\/tr>\n<tr>\n<td width=\"313\">Empaque<\/td>\n<td width=\"359\">caja de 40 libras<\/td>\n<\/tr>\n<\/tbody>\n<\/table>","protected":false},"excerpt":{"rendered":"<p>Annona muricata, llamada guan\u00e1bana, es un \u00e1rbol de origen sudamericano de la familia Annonaceae, cultivado en muchos pa\u00edses tropicales por sus frutos comestibles<\/p>","protected":false},"featured_media":3382,"comment_status":"open","ping_status":"closed","template":"","meta":{"amp_status":""},"class_list":["post-3380","product","type-product","status-publish","has-post-thumbnail","hentry","product_cat-frutas"],"_links":{"self":[{"href":"https:\/\/morganimportexport.com\/en\/wp-json\/wp\/v2\/product\/3380","targetHints":{"allow":["GET"]}}],"collection":[{"href":"https:\/\/morganimportexport.com\/en\/wp-json\/wp\/v2\/product"}],"about":[{"href":"https:\/\/morganimportexport.com\/en\/wp-json\/wp\/v2\/types\/product"}],"replies":[{"embeddable":true,"href":"https:\/\/morganimportexport.com\/en\/wp-json\/wp\/v2\/comments?post=3380"}],"wp:featuredmedia":[{"embeddable":true,"href":"https:\/\/morganimportexport.com\/en\/wp-json\/wp\/v2\/media\/3382"}],"wp:attachment":[{"href":"https:\/\/morganimportexport.com\/en\/wp-json\/wp\/v2\/media?parent=3380"}],"curies":[{"name":"wp","href":"https:\/\/api.w.org\/{rel}","templated":true}]}}