{"id":3379,"date":"2020-10-07T20:35:33","date_gmt":"2020-10-07T20:35:33","guid":{"rendered":"https:\/\/morganimportexport.com\/?post_type=product&#038;p=3379"},"modified":"2020-10-08T16:41:04","modified_gmt":"2020-10-08T16:41:04","slug":"pina-gold","status":"publish","type":"product","link":"https:\/\/morganimportexport.com\/en\/product\/pina-gold\/","title":{"rendered":"PI\u00d1A GOLD"},"content":{"rendered":"<table width=\"696\">\n<tbody>\n<tr>\n<td width=\"248\">Descripci\u00f3n<\/td>\n<td width=\"448\">Fruto de la variedad Gold con las siguientes caracter\u00edsticas: Enteras, con la forma caracter\u00edstica de la variedad. De aspecto fresco y consistencia firme. Sanas, libres de ataques de insectos o enfermedades. Con los ojos bien formados y llenos. Limpias, exentas de olores, sabores o materias extra\u00f1as visibles. Pr\u00e1cticamente libres de magulladuras, humedad exterior anormal producto de mal manejo post cosecha. El corte del ped\u00fanculo debe estar bien curado y sin grietas, con una longitud entre los 5 y 25 mm. La corona deber\u00e1 ser de color verde y bien adherida a la fruta. Libres de quemaduras por el sol.<\/td>\n<\/tr>\n<tr>\n<td width=\"248\">Peso<\/td>\n<td width=\"448\">El peso promedio de cada fruta est\u00e1 entre 1400 y a600 gramos para el calibre 8.<\/td>\n<\/tr>\n<tr>\n<td width=\"248\">Conservaci\u00f3n:<\/td>\n<td width=\"448\">Bajo condiciones de almacenamiento de 20\u00b0C y 85% de H.R. presenta un periodo\u00a0 de vida \u00fatil de 18 d\u00edas<\/td>\n<\/tr>\n<tr>\n<td width=\"248\">Empaque:<\/td>\n<td width=\"448\">Caja De 6 a 8 unidades<\/td>\n<\/tr>\n<\/tbody>\n<\/table>","protected":false},"excerpt":{"rendered":"<p>Fruto de la variedad Gold con las siguientes caracter\u00edsticas: Enteras, con la forma caracter\u00edstica de la variedad. De aspecto fresco y consistencia firme. Sanas, libres de ataques de insectos o enfermedades. Con los ojos bien formados y llenos. Limpias, exentas de olores, sabores o materias extra\u00f1as visibles.<\/p>","protected":false},"featured_media":3381,"comment_status":"open","ping_status":"closed","template":"","meta":{"amp_status":""},"class_list":["post-3379","product","type-product","status-publish","has-post-thumbnail","hentry","product_cat-frutas"],"_links":{"self":[{"href":"https:\/\/morganimportexport.com\/en\/wp-json\/wp\/v2\/product\/3379","targetHints":{"allow":["GET"]}}],"collection":[{"href":"https:\/\/morganimportexport.com\/en\/wp-json\/wp\/v2\/product"}],"about":[{"href":"https:\/\/morganimportexport.com\/en\/wp-json\/wp\/v2\/types\/product"}],"replies":[{"embeddable":true,"href":"https:\/\/morganimportexport.com\/en\/wp-json\/wp\/v2\/comments?post=3379"}],"wp:featuredmedia":[{"embeddable":true,"href":"https:\/\/morganimportexport.com\/en\/wp-json\/wp\/v2\/media\/3381"}],"wp:attachment":[{"href":"https:\/\/morganimportexport.com\/en\/wp-json\/wp\/v2\/media?parent=3379"}],"curies":[{"name":"wp","href":"https:\/\/api.w.org\/{rel}","templated":true}]}}