{"id":3374,"date":"2020-10-07T20:31:26","date_gmt":"2020-10-07T20:31:26","guid":{"rendered":"https:\/\/morganimportexport.com\/?post_type=product&#038;p=3374"},"modified":"2020-10-08T16:41:07","modified_gmt":"2020-10-08T16:41:07","slug":"lechosa-papaya","status":"publish","type":"product","link":"https:\/\/morganimportexport.com\/en\/product\/lechosa-papaya\/","title":{"rendered":"LECHOSA &#8211; PAPAYA"},"content":{"rendered":"<table width=\"663\">\n<tbody>\n<tr>\n<td width=\"273\">Descripci\u00f3n<\/td>\n<td width=\"390\">Carica papaya es una especie de planta\u00a0 arbustiva\u00a0 del\u00a0 g\u00e9nero\u00a0 Carica en\u00a0 la\u00a0 familia\u00a0 Caric\u00e1cea.\u00a0 Su\u00a0\u00a0\u00a0\u00a0\u00a0 fruto\u00a0\u00a0\u00a0\u00a0 se\u00a0\u00a0\u00a0\u00a0\u00a0 conoce\u00a0\u00a0\u00a0\u00a0\u00a0 com\u00fanmente\u00a0\u00a0\u00a0\u00a0 como\u00a0\u00a0\u00a0\u00a0\u00a0\u00a0 papaya,\u00a0\u00a0\u00a0\u00a0\u00a0\u00a0 papay\u00f3n,\u00a0\u00a0\u00a0\u00a0\u00a0\u00a0 olocot\u00f3n, papayo, lechosa o lechoza en Rep\u00fablica Dominicana \u00a0fruta bomba en Cuba, mel\u00f3n papaya, mel\u00f3n de \u00e1rbol; y mam\u00f3n en Argentina y Paraguay.<\/p>\n<p>Carica del griego \u201ckarike\u201d, nombre de una higuera. Papaya, deriva del maya \u201cp\u00e1apay-ya\u201d que significa zapote jaspeado. Pertenece a la familia de las Caricaceae. La planta de papaya es una especie arborescente perennifolia<\/td>\n<\/tr>\n<tr>\n<td width=\"273\">Conservaci\u00f3n<\/td>\n<td width=\"390\">La papaya se conserva en condiciones \u00f3ptimas a una temperatura entre 7 y 13\u00baC, seg\u00fan el estado de madurez, y una humedad del 90-95%.<\/p>\n<p>Las condiciones \u00f3ptimas de conservaci\u00f3n de la papaya var\u00edan seg\u00fan el estado de madurez en que se cosechen. Si se cogen verdes o con un cuarto de su superficie de color amarillo se deben mantener a 13\u00baC. Si est\u00e1n parcialmente maduras (entre \u00bc y \u00bd de su superficie de color amarillo), la temperatura debe bajarse a 10\u00baC. Si est\u00e1n maduras (m\u00e1s de la mitad de la piel amarilla) la temperatura \u00f3ptima es de 7\u00baC. La humedad relativa \u00f3ptima en todos los casos es del 90-95%.<\/p>\n<p>La fruta puede durar de 1 a 3 semanas a una temperatura entre 7 y 13 \u00b0C. y 80 a 80 % humedad relativa. Depende del grado de madurez.<\/td>\n<\/tr>\n<tr>\n<td width=\"273\">Empaque<\/td>\n<td width=\"390\">Caja por 35 libras.<\/td>\n<\/tr>\n<\/tbody>\n<\/table>","protected":false},"excerpt":{"rendered":"<p>&nbsp;<\/p>\n<p>Carica papaya es una especie de planta\u00a0 arbustiva\u00a0 del\u00a0 g\u00e9nero\u00a0 Carica en\u00a0 la\u00a0 familia\u00a0 Caric\u00e1cea.\u00a0 Su\u00a0\u00a0\u00a0\u00a0\u00a0 fruto\u00a0\u00a0\u00a0\u00a0 se\u00a0\u00a0\u00a0\u00a0\u00a0 conoce\u00a0\u00a0\u00a0\u00a0\u00a0 com\u00fanmente\u00a0\u00a0\u00a0\u00a0 como\u00a0\u00a0\u00a0\u00a0\u00a0\u00a0 papaya,\u00a0\u00a0\u00a0\u00a0\u00a0\u00a0 papay\u00f3n,\u00a0\u00a0\u00a0\u00a0\u00a0\u00a0 olocot\u00f3n, papayo, lechosa o lechoza en Rep\u00fablica Dominicana \u00a0fruta bomba en Cuba, mel\u00f3n papaya, mel\u00f3n de \u00e1rbol; y mam\u00f3n en Argentina y Paraguay.<\/p>","protected":false},"featured_media":3377,"comment_status":"open","ping_status":"closed","template":"","meta":{"amp_status":""},"class_list":["post-3374","product","type-product","status-publish","has-post-thumbnail","hentry","product_cat-frutas"],"_links":{"self":[{"href":"https:\/\/morganimportexport.com\/en\/wp-json\/wp\/v2\/product\/3374","targetHints":{"allow":["GET"]}}],"collection":[{"href":"https:\/\/morganimportexport.com\/en\/wp-json\/wp\/v2\/product"}],"about":[{"href":"https:\/\/morganimportexport.com\/en\/wp-json\/wp\/v2\/types\/product"}],"replies":[{"embeddable":true,"href":"https:\/\/morganimportexport.com\/en\/wp-json\/wp\/v2\/comments?post=3374"}],"wp:featuredmedia":[{"embeddable":true,"href":"https:\/\/morganimportexport.com\/en\/wp-json\/wp\/v2\/media\/3377"}],"wp:attachment":[{"href":"https:\/\/morganimportexport.com\/en\/wp-json\/wp\/v2\/media?parent=3374"}],"curies":[{"name":"wp","href":"https:\/\/api.w.org\/{rel}","templated":true}]}}